{"id":9930,"date":"2014-04-24T10:58:58","date_gmt":"2014-04-24T14:58:58","guid":{"rendered":"https:\/\/globaldoctorsforchoice.org\/recursos\/estudios-de-caso\/grupo-medico-case-studies-2\/"},"modified":"2018-05-15T15:11:42","modified_gmt":"2018-05-15T19:11:42","slug":"publicaciones","status":"publish","type":"page","link":"https:\/\/globaldoctorsforchoice.org\/es\/recursos\/publicaciones\/","title":{"rendered":"Publicaciones"},"content":{"rendered":"<h3>2018<\/h3>\n<h4><span lang=\"es\">El Aborto en Sud\u00e1frica: una gu\u00eda de reportajes para periodistas*<\/span><\/h4>\n<p>*El equipo de GDC\/<span lang=\"es\">Sud\u00e1frica contribuyeron a est\u00e1 gu<\/span><span lang=\"es\">\u00ed<\/span><span lang=\"es\">a, que est\u00e1 en ingl\u00e9s.<\/span><\/p>\n<a href=\"https:\/\/globaldoctorsforchoice.org\/wp-content\/uploads\/Abortion-in-SA-A-journalists-reporting-guide.pdf\"><img loading=\"lazy\" decoding=\"async\" class=\"size-medium wp-image-14795 alignnone\" src=\"https:\/\/globaldoctorsforchoice.org\/wp-content\/uploads\/Abortion-in-SA-A-journalists-reporting-guide-image-212x300.jpg\" alt=\"\" width=\"212\" height=\"300\" srcset=\"https:\/\/globaldoctorsforchoice.org\/wp-content\/uploads\/Abortion-in-SA-A-journalists-reporting-guide-image-212x300.jpg 212w, https:\/\/globaldoctorsforchoice.org\/wp-content\/uploads\/Abortion-in-SA-A-journalists-reporting-guide-image.jpg 560w\" sizes=\"auto, (max-width: 212px) 100vw, 212px\" \/><\/a>\n<h3>2017<\/h3>\n<h4 style=\"text-align: left;\">La p<span lang=\"es\">revalencia de la objeci\u00f3n de conciencia al aborto legal entre los professionales m\u00e9dicos del norte de Ghana*<\/span><\/h4>\n<p>*E<span lang=\"es\">sta publicaci\u00f3n est\u00e1 en ingl\u00e9s.<\/span><\/p>\n<a href=\"https:\/\/globaldoctorsforchoice.org\/wp-content\/uploads\/FIGO-Awoonor-Williams_et_al-2017-International_Journal_of_Gynecology__Obstetrics-1.pdf\"><img loading=\"lazy\" decoding=\"async\" class=\"size-medium wp-image-14596 alignnone\" src=\"https:\/\/globaldoctorsforchoice.org\/wp-content\/uploads\/FIGO-Prevalence-image-230x300.jpg\" alt=\"\" width=\"230\" height=\"300\" srcset=\"https:\/\/globaldoctorsforchoice.org\/wp-content\/uploads\/FIGO-Prevalence-image-230x300.jpg 230w, https:\/\/globaldoctorsforchoice.org\/wp-content\/uploads\/FIGO-Prevalence-image.jpg 691w\" sizes=\"auto, (max-width: 230px) 100vw, 230px\" \/><\/a>\n<h4 style=\"text-align: left;\">La p<span lang=\"es\">revalencia de la objeci\u00f3n de conciencia al aborto legal entre los professionales m\u00e9dicos del norte de Ghana*<\/span><\/h4>\n<p>*E<span lang=\"es\">sta publicaci\u00f3n est\u00e1 en ingl\u00e9s.<\/span><\/p>\n<a href=\"https:\/\/globaldoctorsforchoice.org\/wp-content\/uploads\/CO-Study-Manuscript-Awoonor-et-al.pdf\"><img loading=\"lazy\" decoding=\"async\" class=\"size-medium wp-image-14595 alignnone\" src=\"https:\/\/globaldoctorsforchoice.org\/wp-content\/uploads\/CO-Study-Prevalence-image-238x300.jpg\" alt=\"\" width=\"238\" height=\"300\" srcset=\"https:\/\/globaldoctorsforchoice.org\/wp-content\/uploads\/CO-Study-Prevalence-image-238x300.jpg 238w, https:\/\/globaldoctorsforchoice.org\/wp-content\/uploads\/CO-Study-Prevalence-image.jpg 700w\" sizes=\"auto, (max-width: 238px) 100vw, 238px\" \/><\/a>\n<h3 style=\"text-align: left;\">2016<\/h3>\n<h4 style=\"text-align: left;\">Desarrollo de un modelo conceptual y un instrumento de encuesta para medir la objeci\u00f3n de conciencia a la provisi\u00f3n de aborto*<\/h4>\n<p style=\"text-align: left;\">*E<span lang=\"es\">sta publicaci\u00f3n est\u00e1 en ingl\u00e9s.<\/span><\/p>\n<h4><a href=\"https:\/\/globaldoctorsforchoice.org\/wp-content\/uploads\/Ghana_PLOS-ONE-OCT-16.pdf\"><img loading=\"lazy\" decoding=\"async\" class=\"size-medium wp-image-14597 alignnone\" src=\"https:\/\/globaldoctorsforchoice.org\/wp-content\/uploads\/PLOS-one-image-235x300.jpg\" alt=\"\" width=\"235\" height=\"300\" srcset=\"https:\/\/globaldoctorsforchoice.org\/wp-content\/uploads\/PLOS-one-image-235x300.jpg 235w, https:\/\/globaldoctorsforchoice.org\/wp-content\/uploads\/PLOS-one-image.jpg 703w\" sizes=\"auto, (max-width: 235px) 100vw, 235px\" \/><\/a><\/h4>\n<h4>El Estigma de Aborto y la Protecci\u00f3n de Profesionales<\/h4>\n<a href=\"https:\/\/globaldoctorsforchoice.org\/wp-content\/uploads\/Stigma-in-abortion-provision-protecting-providers-2.pdf\"><img loading=\"lazy\" decoding=\"async\" class=\"wp-image-11508 size-medium alignnone\" src=\"https:\/\/globaldoctorsforchoice.org\/wp-content\/uploads\/Screen-Shot-2016-09-26-at-11.09.18-AM-2-232x300.png\" alt=\"screen-shot-2016-09-26-at-11-09-18-am\" width=\"232\" height=\"300\" srcset=\"https:\/\/globaldoctorsforchoice.org\/wp-content\/uploads\/Screen-Shot-2016-09-26-at-11.09.18-AM-2-232x300.png 232w, https:\/\/globaldoctorsforchoice.org\/wp-content\/uploads\/Screen-Shot-2016-09-26-at-11.09.18-AM-2.png 362w\" sizes=\"auto, (max-width: 232px) 100vw, 232px\" \/><\/a>\n<h4>Violencia obst\u00e9trica y aborto. \u00a0Aportes para el debate en Colombia.<\/h4>\n<a href=\"https:\/\/globaldoctorsforchoice.org\/wp-content\/uploads\/GDC_Obstetric-Violence_ES-1.pdf\"><img loading=\"lazy\" decoding=\"async\" class=\"alignnone wp-image-11257 size-medium\" src=\"https:\/\/globaldoctorsforchoice.org\/wp-content\/uploads\/Viol-OB-SP-241x300.png\" alt=\"Viol OB SP\" width=\"241\" height=\"300\" srcset=\"https:\/\/globaldoctorsforchoice.org\/wp-content\/uploads\/Viol-OB-SP-241x300.png 241w, https:\/\/globaldoctorsforchoice.org\/wp-content\/uploads\/Viol-OB-SP.png 466w\" sizes=\"auto, (max-width: 241px) 100vw, 241px\" \/><\/a>\n<h4>Mitos Sobre la Interrupci\u00f3n Voluntaria del Embarazo Frente a la Epidemia del Zika<\/h4>\n<h3><a href=\"https:\/\/globaldoctorsforchoice.org\/wp-content\/uploads\/Screen-Shot-2016-07-21-at-4.13.05-PM.png\"><img loading=\"lazy\" decoding=\"async\" class=\"alignnone wp-image-11153 size-medium\" src=\"https:\/\/globaldoctorsforchoice.org\/wp-content\/uploads\/Screen-Shot-2016-07-21-at-4.13.05-PM-300x194.png\" alt=\"Screen Shot 2016-07-21 at 4.13.05 PM\" width=\"300\" height=\"194\" srcset=\"https:\/\/globaldoctorsforchoice.org\/wp-content\/uploads\/Screen-Shot-2016-07-21-at-4.13.05-PM-300x194.png 300w, https:\/\/globaldoctorsforchoice.org\/wp-content\/uploads\/Screen-Shot-2016-07-21-at-4.13.05-PM-768x495.png 768w, https:\/\/globaldoctorsforchoice.org\/wp-content\/uploads\/Screen-Shot-2016-07-21-at-4.13.05-PM.png 944w\" sizes=\"auto, (max-width: 300px) 100vw, 300px\" \/><\/a><\/h3>\n<h3>2015<\/h3>\n<h4>El Embarazo Adolescente: Afectaci\u00f3n de la salud y garant\u00eda de los derechos<\/h4>\n<a href=\"https:\/\/globaldoctorsforchoice.org\/wp-content\/uploads\/DocPos02_EmbarazoAdolescente_FINAL.pdf\"><img loading=\"lazy\" decoding=\"async\" class=\"alignnone wp-image-11253 size-medium\" src=\"https:\/\/globaldoctorsforchoice.org\/wp-content\/uploads\/Embarazo-adol-234x300.png\" alt=\"Embarazo adol\" width=\"234\" height=\"300\" srcset=\"https:\/\/globaldoctorsforchoice.org\/wp-content\/uploads\/Embarazo-adol-234x300.png 234w, https:\/\/globaldoctorsforchoice.org\/wp-content\/uploads\/Embarazo-adol.png 451w\" sizes=\"auto, (max-width: 234px) 100vw, 234px\" \/><\/a>\n<h4>Embarazo no deseado, continuaci\u00f3n forzada del embarazo y afectaci\u00f3n de la salud mental<\/h4>\n<h4><a href=\"https:\/\/globaldoctorsforchoice.org\/wp-content\/uploads\/DocPosici\u00f3n-salud-mental-y-embarazo-no-deseado-final-final_v03.pdf\"><img loading=\"lazy\" decoding=\"async\" class=\"alignnone wp-image-11254 size-medium\" src=\"https:\/\/globaldoctorsforchoice.org\/wp-content\/uploads\/Embarazo-no-deseado-232x300.png\" alt=\"Embarazo no deseado\" width=\"232\" height=\"300\" srcset=\"https:\/\/globaldoctorsforchoice.org\/wp-content\/uploads\/Embarazo-no-deseado-232x300.png 232w, https:\/\/globaldoctorsforchoice.org\/wp-content\/uploads\/Embarazo-no-deseado.png 437w\" sizes=\"auto, (max-width: 232px) 100vw, 232px\" \/><\/a><\/h4>\n<h4>Negaci\u00f3n de servicios por razones de conciencia<\/h4>\n<h3><a href=\"https:\/\/globaldoctorsforchoice.org\/wp-content\/uploads\/DocPos03_Objeci\u00f3n-de-conciencia.pdf\"><img loading=\"lazy\" decoding=\"async\" class=\"alignnone wp-image-11255 size-medium\" src=\"https:\/\/globaldoctorsforchoice.org\/wp-content\/uploads\/Negacion-consciencia-232x300.png\" alt=\"Negacion - consciencia\" width=\"232\" height=\"300\" srcset=\"https:\/\/globaldoctorsforchoice.org\/wp-content\/uploads\/Negacion-consciencia-232x300.png 232w, https:\/\/globaldoctorsforchoice.org\/wp-content\/uploads\/Negacion-consciencia.png 449w\" sizes=\"auto, (max-width: 232px) 100vw, 232px\" \/><\/a><\/h3>\n<h4>La construction de un consenso: la <em>Causal Salud<\/em> en Am\u00e9rica Latina<\/h4>\n<h3><a href=\"https:\/\/globaldoctorsforchoice.org\/wp-content\/uploads\/Consenso_Causal_final_en_PDF.pdf\"><img loading=\"lazy\" decoding=\"async\" class=\"alignnone wp-image-11256 size-medium\" src=\"https:\/\/globaldoctorsforchoice.org\/wp-content\/uploads\/Causal-Salud-211x300.png\" alt=\"Causal Salud\" width=\"211\" height=\"300\" srcset=\"https:\/\/globaldoctorsforchoice.org\/wp-content\/uploads\/Causal-Salud-211x300.png 211w, https:\/\/globaldoctorsforchoice.org\/wp-content\/uploads\/Causal-Salud.png 407w\" sizes=\"auto, (max-width: 211px) 100vw, 211px\" \/><\/a><\/h3>\n<h3>2014<\/h3>\n<h4>Caso Karla: Afectaci\u00f3n de la salud mental y continuaci\u00f3n forzada del embarazo no deseado<\/h4>\n<a href=\"https:\/\/globaldoctorsforchoice.org\/wp-content\/uploads\/Caso-Karla_salud-mental.pdf\"><img loading=\"lazy\" decoding=\"async\" class=\"alignnone wp-image-10040 size-medium\" src=\"https:\/\/globaldoctorsforchoice.org\/wp-content\/uploads\/Screen-Shot-2014-09-17-at-3.09.09-PM-232x300.png\" alt=\"Screen Shot 2014-09-17 at 3.09.09 PM\" width=\"232\" height=\"300\" srcset=\"https:\/\/globaldoctorsforchoice.org\/wp-content\/uploads\/Screen-Shot-2014-09-17-at-3.09.09-PM-232x300.png 232w, https:\/\/globaldoctorsforchoice.org\/wp-content\/uploads\/Screen-Shot-2014-09-17-at-3.09.09-PM.png 449w\" sizes=\"auto, (max-width: 232px) 100vw, 232px\" \/><\/a>\n<h3>2013<\/h3>\n<h4>Interrupci\u00f3n voluntaria del embarazo (IVE) por causal violencia sexual<\/h4>\n<a href=\"https:\/\/globaldoctorsforchoice.org\/wp-content\/uploads\/GDC_CasoJulia-final1.pdf\"><img loading=\"lazy\" decoding=\"async\" class=\"alignnone wp-image-10299 size-medium\" src=\"https:\/\/globaldoctorsforchoice.org\/wp-content\/uploads\/CASO-IVE-COVER-231x300.jpg\" alt=\"CASO IVE COVER\" width=\"231\" height=\"300\" srcset=\"https:\/\/globaldoctorsforchoice.org\/wp-content\/uploads\/CASO-IVE-COVER-231x300.jpg 231w, https:\/\/globaldoctorsforchoice.org\/wp-content\/uploads\/CASO-IVE-COVER.jpg 640w\" sizes=\"auto, (max-width: 231px) 100vw, 231px\" \/><\/a>\n<h3>2012<\/h3>\n<h4>Lineamientos b\u00e1sicos para la elaboraci\u00f3n de peritajes: hacia la garant\u00eda de los derechos sexuales y reproductivos<\/h4>\n<a href=\"https:\/\/globaldoctorsforchoice.org\/wp-content\/uploads\/LINEAM.pdf\"><img loading=\"lazy\" decoding=\"async\" class=\"alignnone wp-image-9489 size-medium\" src=\"https:\/\/globaldoctorsforchoice.org\/wp-content\/uploads\/screenshot-2-232x300.png\" width=\"232\" height=\"300\" srcset=\"https:\/\/globaldoctorsforchoice.org\/wp-content\/uploads\/screenshot-2-232x300.png 232w, https:\/\/globaldoctorsforchoice.org\/wp-content\/uploads\/screenshot-2.png 590w\" sizes=\"auto, (max-width: 232px) 100vw, 232px\" \/><\/a>\n<h4 id=\"tw-target-text\" class=\"tw-data-text tw-ta tw-text-small\" dir=\"ltr\" data-placeholder=\"Translation\"><span lang=\"es\">La objeci\u00f3n de conciencia y la negaci\u00f3n a proporcionar atenci\u00f3n de salud reproductiva: Un Papel Blanco examinando la prevalencia, las consecuencias para la salud, y las respuestas pol\u00edticas<br \/>\n<\/span><\/h4>\n<a href=\"https:\/\/globaldoctorsforchoice.org\/wp-content\/uploads\/GDC_White-paper-on-CO-SPA.pdf\"><img loading=\"lazy\" decoding=\"async\" class=\"alignleft size-medium wp-image-11654\" src=\"https:\/\/globaldoctorsforchoice.org\/wp-content\/uploads\/CO-white-paper-SP-232x300.png\" alt=\"\" width=\"232\" height=\"300\" srcset=\"https:\/\/globaldoctorsforchoice.org\/wp-content\/uploads\/CO-white-paper-SP-232x300.png 232w, https:\/\/globaldoctorsforchoice.org\/wp-content\/uploads\/CO-white-paper-SP.png 497w\" sizes=\"auto, (max-width: 232px) 100vw, 232px\" \/><\/a>\n","protected":false},"excerpt":{"rendered":"<p>2018 El Aborto en Sud\u00e1frica: una gu\u00eda de reportajes para periodistas* *El equipo de GDC\/Sud\u00e1frica contribuyeron a est\u00e1 gu\u00eda, que est\u00e1 en ingl\u00e9s. 2017 La prevalencia de la objeci\u00f3n de conciencia al aborto legal entre los professionales m\u00e9dicos del norte de Ghana* *Esta publicaci\u00f3n est\u00e1 en ingl\u00e9s. La prevalencia de la objeci\u00f3n de conciencia al&#8230;  <a class=\"read-more\" href=\"https:\/\/globaldoctorsforchoice.org\/es\/recursos\/publicaciones\/\" title=\"Read Publicaciones\">Keep Reading &raquo;<\/a><\/p>\n","protected":false},"author":2153,"featured_media":0,"parent":9157,"menu_order":2,"comment_status":"closed","ping_status":"closed","template":"","meta":{"_acf_changed":false,"_bbp_topic_count":0,"_bbp_reply_count":0,"_bbp_total_topic_count":0,"_bbp_total_reply_count":0,"_bbp_voice_count":0,"_bbp_anonymous_reply_count":0,"_bbp_topic_count_hidden":0,"_bbp_reply_count_hidden":0,"_bbp_forum_subforum_count":0,"footnotes":""},"class_list":["post-9930","page","type-page","status-publish","hentry"],"acf":[],"_links":{"self":[{"href":"https:\/\/globaldoctorsforchoice.org\/es\/wp-json\/wp\/v2\/pages\/9930","targetHints":{"allow":["GET"]}}],"collection":[{"href":"https:\/\/globaldoctorsforchoice.org\/es\/wp-json\/wp\/v2\/pages"}],"about":[{"href":"https:\/\/globaldoctorsforchoice.org\/es\/wp-json\/wp\/v2\/types\/page"}],"author":[{"embeddable":true,"href":"https:\/\/globaldoctorsforchoice.org\/es\/wp-json\/wp\/v2\/users\/2153"}],"replies":[{"embeddable":true,"href":"https:\/\/globaldoctorsforchoice.org\/es\/wp-json\/wp\/v2\/comments?post=9930"}],"version-history":[{"count":0,"href":"https:\/\/globaldoctorsforchoice.org\/es\/wp-json\/wp\/v2\/pages\/9930\/revisions"}],"up":[{"embeddable":true,"href":"https:\/\/globaldoctorsforchoice.org\/es\/wp-json\/wp\/v2\/pages\/9157"}],"wp:attachment":[{"href":"https:\/\/globaldoctorsforchoice.org\/es\/wp-json\/wp\/v2\/media?parent=9930"}],"curies":[{"name":"wp","href":"https:\/\/api.w.org\/{rel}","templated":true}]}}