{"id":9290,"date":"2013-07-12T19:31:05","date_gmt":"2013-07-12T23:31:05","guid":{"rendered":"https:\/\/globaldoctorsforchoice.org\/?page_id=9290"},"modified":"2021-10-13T15:19:38","modified_gmt":"2021-10-13T19:19:38","slug":"quienes-somos-2","status":"publish","type":"page","link":"https:\/\/globaldoctorsforchoice.org\/es\/quienes-somos-2\/","title":{"rendered":"\u00bfQui\u00e9nes Somos?"},"content":{"rendered":"<h3>Misi\u00f3n<\/h3>\n<p>Global Doctors for Choice (GDC) es una red internacional de m\u00e9dicos que abogan para los derechos reproductivos y el acceso a la atenci\u00f3n integral de la salud reproductiva, incluyendo el aborto seguro y la anticoncepci\u00f3n. <span lang=\"es\">Promovemos la colaboraci\u00f3n transnacional, el apoyo, y el intercambio de las mejores pr\u00e1cticas en defensa de la salud reproductiva y conectamos a m\u00e9dicos de todas las disciplinas m\u00e9dicas de todo el mundo. Juntos abogamos por el acceso a la salud y los derechos reproductivos integrales y defienden la autonom\u00eda de las mujeres para controlar sus vidas reproductivas. <\/span><\/p>\n<p>GDC cree que el compromiso de los m\u00e9dicos con el proceso cient\u00edfico y los mejores intereses de sus pacientes los obliga a incidir\u00a0por el acceso universal a una atenci\u00f3n de la salud reproductiva integral basada en evidencias.<\/p>\n<h3>Enfoque<\/h3>\n<p>GDC cree que los m\u00e9dicos est\u00e1n en una posici\u00f3n \u00fanica para abogar por sus pacientes. Contribuyen la autoridad cient\u00edfica, un compromiso con los intereses de sus pacientes, la familiaridad con los sistemas de salud y la experiencia directa con las consecuencias devastadoras de la falta de acceso a la atenci\u00f3n de la salud reproductiva y el aborto inseguro.<\/p>\n<p><span lang=\"es\">GDC permite que las voces de los m\u00e9dicos y sus esfuerzos de abogac\u00eda tengan un impacto m\u00e1s amplio, colectivo y m\u00e1s poderoso en la salud reproductiva y en la vida de las personas, por cultivar una red global de m\u00e9dicos-defensores, servir como un recurso para transferir las mejores pr\u00e1cticas en defensa a trav\u00e9s de las fronteras, y crear oportunidades para que los m\u00e9dicos participen en iniciativas de cambio de pol\u00edticas, aprendan unos de otros, y est\u00e9n activos en otras iniciativas locales, regionales y globales.<\/span><\/p>\n<p>Puede leer Nuestro Plan Estrat\u00e9gico 2016-2020 <a href=\"https:\/\/globaldoctorsforchoice.org\/wp-content\/uploads\/FINAL-Strat-Plan-GDC_FINAL_SHORT-SP.pdf\">aqu\u00ed<\/a>.<\/p>\n<h3>Los M\u00e9dicos como Defensores<\/h3>\n<p><span lang=\"es\">Muchos m\u00e9dicos se dedican a abogar por sus pacientes y a mejorar la vida de las mujeres por salvaguardar su salud y sus derechos reproductivos. Sin embargo, la mayor\u00eda de estos m\u00e9dicos trabajan en entornos donde es desafiante, emocionalmente abrumadora y, a menudo, peligrosa, y as\u00ed pueden sentirse aislados en este trabajo. <\/span><\/p>\n<p><span lang=\"es\">GDC facilita oportunidades para que m\u00e9dicos individuales en todo el mundo se puedan conectar entre s\u00ed y se unan a un poderoso movimiento social que est\u00e1 trabajando hacia un cambio sist\u00e9mico en la atenci\u00f3n de la salud reproductiva mundialmente. <\/span><\/p>\n<p><span lang=\"es\">GDC cumple un nicho \u00fanico al permitir a los m\u00e9dicos a\u00a0contribuir\u00a0su perspectiva m\u00e9dica y cient\u00edfica a esfuerzos de incidencia nacional e internacional encaminados a mejorar el acceso a la atenci\u00f3n de la salud reproductiva. <\/span><\/p>\n<p><span lang=\"es\">Desde su creaci\u00f3n en 2007, GDC ha dado voz y sustento a una comunidad global de m\u00e9dicos-defensores con ideas afines. <\/span>Nuestra red incluye m\u00e9dicos que practican abortos, m\u00e9dicos de la salud p\u00fablica, obstetras y ginec\u00f3logos, psiquiatras, internistas, pediatras y estudiantes y residentes de medicina, entre otros.<\/p>\n<h3><b>Alcance\u00a0<\/b><\/h3>\n<p><span lang=\"es\">GDC trabaja directamente con equipos m\u00e9dicos en Brasil, Colombia, Ghana, Irlanda, Kenia, Malta, M\u00e9xico y Sud\u00e1frica, y cultiva la voz colectiva y el trabajo de una red internacional de m\u00e9dicos-defensores a trav\u00e9s de sistemas de apoyo en l\u00ednea, incluyendo recursos, capacitaci\u00f3n y m\u00e9todos para conectarse con otros m\u00e9dicos-defensores. Nuestro Equipo Coordinador est\u00e1 basado en los Estados Unidos. La Junta Directiva se compone de expertos de salud reproductiva y otros temas, ubicados alrededor del mundo.<\/span><\/p>\n<p><span lang=\"es\">Desplaz\u00e1ndose por el mapa para aprender m\u00e1s de nuestra red global. <\/span><div id=\"map\" style=\"width:100%;height:100%;\"><\/div>\n<p><span lang=\"es\">* GDC es una compa\u00f1\u00eda independiente de responsabilidad limitada (LLC) y <\/span><a href=\"http:\/\/prh.org\">Physicians for Reproductive Health<\/a>, una organizaci\u00f3n sin fines de lucro 501c3, que sirve como nuestro patrocinador fiscal.<\/p>\n","protected":false},"excerpt":{"rendered":"<p>Misi\u00f3n Global Doctors for Choice (GDC) es una red internacional de m\u00e9dicos que abogan para los derechos reproductivos y el acceso a la atenci\u00f3n integral de la salud reproductiva, incluyendo el aborto seguro y la anticoncepci\u00f3n. Promovemos la colaboraci\u00f3n transnacional, el apoyo, y el intercambio de las mejores pr\u00e1cticas en defensa de la salud reproductiva&#8230;  <a class=\"read-more\" href=\"https:\/\/globaldoctorsforchoice.org\/es\/quienes-somos-2\/\" title=\"Read \u00bfQui\u00e9nes Somos?\">Keep Reading &raquo;<\/a><\/p>\n","protected":false},"author":2153,"featured_media":0,"parent":0,"menu_order":0,"comment_status":"closed","ping_status":"closed","template":"","meta":{"_acf_changed":false,"_bbp_topic_count":0,"_bbp_reply_count":0,"_bbp_total_topic_count":0,"_bbp_total_reply_count":0,"_bbp_voice_count":0,"_bbp_anonymous_reply_count":0,"_bbp_topic_count_hidden":0,"_bbp_reply_count_hidden":0,"_bbp_forum_subforum_count":0,"footnotes":""},"class_list":["post-9290","page","type-page","status-publish","hentry"],"acf":[],"_links":{"self":[{"href":"https:\/\/globaldoctorsforchoice.org\/es\/wp-json\/wp\/v2\/pages\/9290","targetHints":{"allow":["GET"]}}],"collection":[{"href":"https:\/\/globaldoctorsforchoice.org\/es\/wp-json\/wp\/v2\/pages"}],"about":[{"href":"https:\/\/globaldoctorsforchoice.org\/es\/wp-json\/wp\/v2\/types\/page"}],"author":[{"embeddable":true,"href":"https:\/\/globaldoctorsforchoice.org\/es\/wp-json\/wp\/v2\/users\/2153"}],"replies":[{"embeddable":true,"href":"https:\/\/globaldoctorsforchoice.org\/es\/wp-json\/wp\/v2\/comments?post=9290"}],"version-history":[{"count":0,"href":"https:\/\/globaldoctorsforchoice.org\/es\/wp-json\/wp\/v2\/pages\/9290\/revisions"}],"wp:attachment":[{"href":"https:\/\/globaldoctorsforchoice.org\/es\/wp-json\/wp\/v2\/media?parent=9290"}],"curies":[{"name":"wp","href":"https:\/\/api.w.org\/{rel}","templated":true}]}}