{"id":9144,"date":"2013-07-11T16:50:11","date_gmt":"2013-07-11T20:50:11","guid":{"rendered":"https:\/\/globaldoctorsforchoice.org\/?page_id=9144"},"modified":"2019-08-05T16:46:55","modified_gmt":"2019-08-05T20:46:55","slug":"mexico-2","status":"publish","type":"page","link":"https:\/\/globaldoctorsforchoice.org\/es\/mexico-2\/","title":{"rendered":"M\u00e9xico (Grupo M\u00e9dico por una Libre Elecci\u00f3n)"},"content":{"rendered":"<h3>Mexico: La Salud Reproductiva y el Aborto<\/h3>\n<ul>\n<li><strong>Legalidad:<\/strong>\n<ul>\n<li>Los 31 estados permiten el aborto en casos de violaci\u00f3n; 25 estados para salvar la vida de una mujer embarazada; 12 estados en casos de riesgo grave para la salud de una mujer; y 13 en casos de insuficiencia fetal severa.<\/li>\n<\/ul>\n<ul>\n<li>La Constituci\u00f3n de M\u00e9xico incluye el derecho de todos los ciudadanos a \u00abdecidir de manera libre, responsable e informada sobre el n\u00famero y el espaciamiento de sus hijos\u00bb (1974).<\/li>\n<li>Mientras que el aborto es legal hasta las 12 semanas de embarazo en la Ciudad de M\u00e9xico (desde 2007), est\u00e1 severamente restringido en los 31 estados de M\u00e9xico.\n<ul>\n<li>Todos los 31 estados permiten el aborto en casos de violaci\u00f3n;<\/li>\n<li>25 estados para salvar la vida de una mujer embarazada;<\/li>\n<li>12 estados en casos de riesgo severo para la salud de una mujer; y<\/li>\n<li>13 en casos de deterioro fetal severo.<\/li>\n<\/ul>\n<\/li>\n<\/ul>\n<\/li>\n<li><strong>Anticonceptivos:<\/strong>\n<ul>\n<li>El gobierno tiene que ofrecer servicios de planificaci\u00f3n familiar sin costo en las instituciones de salud p\u00fablica (1974).<\/li>\n<li>4 millones de mujeres corren el riesgo de embarazarse sin intenci\u00f3n porque son sexualmente activas, no quieren tener un beb\u00e9 en este momento y no usan un m\u00e9todo anticonceptivo moderno.<\/li>\n<li>El 55% de los embarazos fueron no planeados (2009). De estos embarazos no planeados, el 54% terminaban en aborto, el 34% terminaban en nacimientos no planificados y el 12% terminaban en abortos involuntarios.<\/li>\n<\/ul>\n<\/li>\n<li><strong>Complicaciones:<\/strong>\n<ul>\n<li>El estigma y la falta de disponibilidad limitan el acceso a los abortos legales.<\/li>\n<li>En la Ciudad de M\u00e9xico, donde el aborto es legal y los abortos en el primer trimestre casi no tienen complicaciones, algunos hospitales se niegan a proporcionar servicios legales de aborto, alegando que sus m\u00e9dicos son objetores de conciencia.<\/li>\n<li>A pesar de las restricciones, el aborto es generalizado: m\u00e1s de 1 mill\u00f3n de abortos clandestinos ocurrieron en 2009.<\/li>\n<li>Se espera que el 36% de los abortos clandestinos provoquen complicaciones que requieren tratamiento m\u00e9dico. El 25% de estas mujeres no reciben la atenci\u00f3n m\u00e9dica que necesitan.<\/li>\n<li>Las mujeres rurales pobres con complicaciones corren m\u00e1s riesgo, ya que el 45% no recibir\u00e1 atenci\u00f3n, en contraste con el 10% de las mujeres urbanas que no son pobres.<\/li>\n<\/ul>\n<\/li>\n<\/ul>\n<ul>\n<li><strong>\u00a0Fuentes:<\/strong>\n<ul>\n<li>https:\/\/www.guttmacher.org\/pubs\/FB-pregnancy-abortion-Mexico.html<\/li>\n<li>https:\/\/www.guttmacher.org\/fact-sheet\/unintended-pregnancy-and-induced-abortion-mexico<\/li>\n<\/ul>\n<\/li>\n<\/ul>\n<h3><img loading=\"lazy\" decoding=\"async\" class=\"alignnone size-medium wp-image-15299\" src=\"https:\/\/globaldoctorsforchoice.org\/wp-content\/uploads\/Mexico-map-1-269x300.jpg\" alt=\"\" width=\"269\" height=\"300\" \/><\/h3>\n<p>&nbsp;<\/p>\n<h3>GDC\/M\u00e9xico: Logros Recientes<\/h3>\n<ul>\n<li><strong>Amplific\u00f3 el conocimiento y capacidad de la defense<\/strong>\u00a0<strong>pol\u00edtica:<\/strong>\n<ul>\n<li>Proporcion\u00f3 capacitaci\u00f3n en aclaraci\u00f3n de valores a 48 proveedores de abortos.<\/li>\n<li>Brind\u00f3 capacitaci\u00f3n en defensa del aborto para 8 m\u00e9dicos de CAMILE.<\/li>\n<li>Capacit\u00e9 y certifiqu\u00e9 a 40 m\u00e9dicos en la prestaci\u00f3n de servicios de aborto en colaboraci\u00f3n con la Universidad de Oaxaca.\n<ul>\n<li>Esta es la primera certificaci\u00f3n de proveedor de aborto en Am\u00e9rica Latina.<\/li>\n<li>El objetivo es capacitar a los estudiantes de medicina para influir en los proveedores j\u00f3venes y cultivar la pr\u00f3xima generaci\u00f3n de proveedores.<\/li>\n<\/ul>\n<\/li>\n<li>Est\u00e1 dise\u00f1ando un folleto sobre atenci\u00f3n segura del aborto para residentes m\u00e9dicos y estudiantes.<\/li>\n<li class=\"tw-data-text tw-ta tw-text-small\" dir=\"ltr\" data-placeholder=\"Translation\"><span lang=\"es\">Cre\u00f3 una herramienta de referencia que aclara el marco legal con respecto a los derechos sexuales y reproductivos en M\u00e9xico y describe c\u00f3mo este marco afecta el trabajo de los m\u00e9dicos, para compartirlo con el comit\u00e9 de revisi\u00f3n de mortalidad y morbilidad materna y perinatal. <\/span><\/li>\n<li class=\"tw-data-text tw-ta tw-text-small\" dir=\"ltr\" data-placeholder=\"Translation\"><span lang=\"es\">Present\u00f3 videos de promoci\u00f3n de salud reproductiva de GDC\/M\u00e9xico a 12 doctores y 12 abogados durante la quinta reuni\u00f3n anual de GDC\/M\u00e9xico con GIRE. Los videos se enfocaron en aspectos legales del aborto en M\u00e9xico y alentaron a m\u00e9dicos y abogados a colaborar en iniciativas de defensa de la salud reproductiva. <\/span><\/li>\n<\/ul>\n<\/li>\n<li class=\"tw-data-text tw-ta tw-text-small\" dir=\"ltr\" data-placeholder=\"Translation\"><strong>Mitig\u00f3 la objeci\u00f3n de conciencia\u00a0(OC) al aborto:<\/strong>\n<ul>\n<li class=\"tw-data-text tw-ta tw-text-small\" dir=\"ltr\" data-placeholder=\"Translation\"><span lang=\"es\">Est\u00e1n monitoreando el impacto de la Regla Global Mordaza con respecto a fundos para este tema en Am\u00e9rica Latina.\u00a0<\/span><\/li>\n<li class=\"tw-data-text tw-ta tw-text-small\" dir=\"ltr\" data-placeholder=\"Translation\"><span lang=\"es\">Particip\u00f3 en la reuni\u00f3n de CLACAI. <\/span><\/li>\n<\/ul>\n<\/li>\n<li class=\"tw-data-text tw-ta tw-text-small\" dir=\"ltr\" data-placeholder=\"Translation\"><strong>Lider\u00f3 la defensa pol\u00edtica:<\/strong>\n<ul>\n<li class=\"tw-data-text tw-ta tw-text-small\" dir=\"ltr\" data-placeholder=\"Translation\">Particip<span lang=\"es\">\u00f3 <\/span>como m\u00e9dico experto <span lang=\"es\">en la<\/span> campa\u00f1a en la c\u00e1mara de legisladores para eliminar el aborto del c\u00f3digo penal federal mexicano.<\/li>\n<li class=\"tw-data-text tw-ta tw-text-small\" dir=\"ltr\" data-placeholder=\"Translation\"><span lang=\"es\">Trabaj\u00f3 en las pautas de atenci\u00f3n segura del aborto con el Ministerio de Salud en Veracruz y Jalisco, por lo que ahora colaborar\u00e1n en la atenci\u00f3n segura del aborto en los cuatro estados m\u00e1s poblados: <\/span>\n<ul>\n<li class=\"tw-data-text tw-ta tw-text-small\" dir=\"ltr\" data-placeholder=\"Translation\"><span lang=\"es\">el Estado de M\u00e9xico (16 millones), <\/span><\/li>\n<li class=\"tw-data-text tw-ta tw-text-small\" dir=\"ltr\" data-placeholder=\"Translation\"><span lang=\"es\">la Ciudad de M\u00e9xico (9 millones), <\/span><\/li>\n<li class=\"tw-data-text tw-ta tw-text-small\" dir=\"ltr\" data-placeholder=\"Translation\"><span lang=\"es\">Veracruz (8.5 millones), y <\/span><\/li>\n<li class=\"tw-data-text tw-ta tw-text-small\" dir=\"ltr\" data-placeholder=\"Translation\"><span lang=\"es\">Jalisco (8 millones). <\/span><\/li>\n<\/ul>\n<\/li>\n<li class=\"tw-data-text tw-ta tw-text-small\" dir=\"ltr\" data-placeholder=\"Translation\"><span lang=\"es\">Trabajando en el registro de mifepristona en Chile, Colombia y Per\u00fa a trav\u00e9s de Marie Stopes International.<\/span><\/li>\n<\/ul>\n<\/li>\n<\/ul>\n<p>&nbsp;<\/p>\n<h3>GDC\/M\u00e9xico: Liderazgo<\/h3>\n<p class=\"p1\">El Dr.\u00a0Alfonso Carrera es el fundador y m\u00e9dico l\u00edder de GDC\/M\u00e9xico.<\/p>\n<p>El equipo de doctores de GDC\/M\u00e9xico elige intencionalmente colaborar estrechamente con grupos de abogados para compartir pericia e avanzar los esfuerzos de la defensa\u00a0<span lang=\"es\">pol\u00edtica.<\/span><\/p>\n<p>&nbsp;<\/p>\n<h3>GDC\/M\u00e9xico: Perfiles de los Doctores Principales<\/h3>\n<h4><img loading=\"lazy\" decoding=\"async\" class=\"size-medium wp-image-11141 alignleft\" src=\"https:\/\/globaldoctorsforchoice.org\/wp-content\/uploads\/PRH-100313-035-200x300.jpg\" alt=\"\" width=\"200\" height=\"300\" srcset=\"https:\/\/globaldoctorsforchoice.org\/wp-content\/uploads\/PRH-100313-035-200x300.jpg 200w, https:\/\/globaldoctorsforchoice.org\/wp-content\/uploads\/PRH-100313-035-768x1152.jpg 768w, https:\/\/globaldoctorsforchoice.org\/wp-content\/uploads\/PRH-100313-035-683x1024.jpg 683w, https:\/\/globaldoctorsforchoice.org\/wp-content\/uploads\/PRH-100313-035.jpg 1365w\" sizes=\"auto, (max-width: 200px) 100vw, 200px\" \/>Alfonso Carrera, Doctor en Medicina<b><\/b><\/h4>\n<h4><b>M\u00e9dico L\u00edder de GDC\/M\u00e9xico\u00a0\u00a0<\/b><\/h4>\n<p><span lang=\"es\">El Dr. Alfonso Carrera, el fundador y\u00a0m\u00e9dico l\u00edder de GDC\/M\u00e9xico, es el Director M\u00e9dico de <a href=\"https:\/\/mariestopes.org.mx\/\">Marie Stopes M\u00e9xico<\/a>. Tambi\u00e9n se ha desempe\u00f1ado como Profesor Asociado en investigaci\u00f3n y \u00e9tica para ginecolog\u00eda y obstetricia en la <a href=\"https:\/\/www.unam.mx\">Universidad Nacional Aut\u00f3noma de M\u00e9xico<\/a>\u00a0(UNAM) y profesor de ginecolog\u00eda y obstetricia en la <a href=\"http:\/\/www.uaemex.mx\">Universidad Aut\u00f3noma del Estado de M\u00e9xico<\/a>. Su investigaci\u00f3n se ha centrado en la morbilidad y la mortalidad materna, la fertilidad y la salud reproductiva. Es miembro internacional de la American Fertility Society y de la <a href=\"http:\/\/www.femecog.org\">Asociaci\u00f3n Mexicana de Ginecolog\u00eda y Obstetricia<\/a>, y miembro de la <a href=\"http:\/\/www.ammr.org.mx\/ammr\">Asociaci\u00f3n Mexicana de Medicina Reproductiva<\/a>.<\/span><\/p>\n<p>&nbsp;<\/p>\n<img loading=\"lazy\" decoding=\"async\" class=\"aligncenter size-medium wp-image-10150\" src=\"https:\/\/globaldoctorsforchoice.org\/wp-content\/uploads\/GDC-Mexico-Logo-Cropped-300x211.png\" alt=\"GDC Mexico Logo Cropped\" width=\"300\" height=\"211\" srcset=\"https:\/\/globaldoctorsforchoice.org\/wp-content\/uploads\/GDC-Mexico-Logo-Cropped-300x211.png 300w, https:\/\/globaldoctorsforchoice.org\/wp-content\/uploads\/GDC-Mexico-Logo-Cropped.png 856w\" sizes=\"auto, (max-width: 300px) 100vw, 300px\" \/>\n","protected":false},"excerpt":{"rendered":"<p>Mexico: La Salud Reproductiva y el Aborto Legalidad: Los 31 estados permiten el aborto en casos de violaci\u00f3n; 25 estados para salvar la vida de una mujer embarazada; 12 estados en casos de riesgo grave para la salud de una mujer; y 13 en casos de insuficiencia fetal severa. La Constituci\u00f3n de M\u00e9xico incluye el&#8230;  <a class=\"read-more\" href=\"https:\/\/globaldoctorsforchoice.org\/es\/mexico-2\/\" title=\"Read M\u00e9xico (Grupo M\u00e9dico por una Libre Elecci\u00f3n)\">Keep Reading &raquo;<\/a><\/p>\n","protected":false},"author":2153,"featured_media":0,"parent":0,"menu_order":0,"comment_status":"closed","ping_status":"closed","template":"page-action-center.php","meta":{"_acf_changed":false,"_bbp_topic_count":0,"_bbp_reply_count":0,"_bbp_total_topic_count":0,"_bbp_total_reply_count":0,"_bbp_voice_count":0,"_bbp_anonymous_reply_count":0,"_bbp_topic_count_hidden":0,"_bbp_reply_count_hidden":0,"_bbp_forum_subforum_count":0,"footnotes":""},"class_list":["post-9144","page","type-page","status-publish","hentry"],"acf":[],"_links":{"self":[{"href":"https:\/\/globaldoctorsforchoice.org\/es\/wp-json\/wp\/v2\/pages\/9144","targetHints":{"allow":["GET"]}}],"collection":[{"href":"https:\/\/globaldoctorsforchoice.org\/es\/wp-json\/wp\/v2\/pages"}],"about":[{"href":"https:\/\/globaldoctorsforchoice.org\/es\/wp-json\/wp\/v2\/types\/page"}],"author":[{"embeddable":true,"href":"https:\/\/globaldoctorsforchoice.org\/es\/wp-json\/wp\/v2\/users\/2153"}],"replies":[{"embeddable":true,"href":"https:\/\/globaldoctorsforchoice.org\/es\/wp-json\/wp\/v2\/comments?post=9144"}],"version-history":[{"count":0,"href":"https:\/\/globaldoctorsforchoice.org\/es\/wp-json\/wp\/v2\/pages\/9144\/revisions"}],"wp:attachment":[{"href":"https:\/\/globaldoctorsforchoice.org\/es\/wp-json\/wp\/v2\/media?parent=9144"}],"curies":[{"name":"wp","href":"https:\/\/api.w.org\/{rel}","templated":true}]}}