{"id":9141,"date":"2013-07-11T16:49:20","date_gmt":"2013-07-11T20:49:20","guid":{"rendered":"https:\/\/globaldoctorsforchoice.org\/?page_id=9141"},"modified":"2019-03-06T18:09:31","modified_gmt":"2019-03-06T23:09:31","slug":"ghana-2","status":"publish","type":"page","link":"https:\/\/globaldoctorsforchoice.org\/es\/ghana-2\/","title":{"rendered":"Ghana"},"content":{"rendered":"<h3>Ghana: La Salud Reproductiva y el Aborto<\/h3>\n<ul>\n<li><strong>Legalidad:<\/strong>\n<ul>\n<li>Desde el 1985, el aborto ha sideo legal en casos de violaci\u00f3n o incesto, si la vida o la salud de la mujer est\u00e1n en peligro o si existe riesgo de anormalidad en el feto.<\/li>\n<li>Para asegurar la seguridad de los abortos legales, en 2006 el Servicio de Salud de Ghana y el Ministerio de Salud establecieron protocolos para la atenci\u00f3n integral del aborto y pidieron que m\u00e1s proveedores realicen procedimientos en el primer trimestre.<\/li>\n<li>El desconocimiento de la legalidad es un desaf\u00edo: en 2007 solo el 3% de las mujeres embarazadas y solo el 6% de las que buscaban un aborto sab\u00edan que el aborto era legal.<\/li>\n<\/ul>\n<\/li>\n<li><strong>Anticonceptivos:<\/strong>\n<ul>\n<li>En 2008, solo el 17% de las mujeres casadas y el 28% de las mujeres solteras sexualmente activas usaban anticonceptivos modernos.<\/li>\n<li>El 37% de los embarazos no fueron planeados (23% inoportunos y 14% no deseados).<\/li>\n<li>El 7% de todos los embarazos terminan en aborto pero el 15% de las mujeres admiti\u00f3 haber tenido un aborto.<\/li>\n<\/ul>\n<\/li>\n<li><strong>Complicaciones:<\/strong>\n<ul>\n<li>El 45% de los abortos son inseguros.<\/li>\n<li>El aborto inseguro es la segunda causa de mortalidad materna (11%).<\/li>\n<li>El 13% de las mujeres que han tenido un aborto experimentan complicaciones por procedimientos inseguros, y menos de la mitad recibi\u00f3 el tratamiento m\u00e9dico necesario.<\/li>\n<li>Las mujeres que son pobres, j\u00f3venes, tienen varios hijos o no cuentan con el apoyo financiero de una pareja son las m\u00e1s propensas a tener un aborto inseguro.<\/li>\n<\/ul>\n<\/li>\n<\/ul>\n<ul>\n<li><strong>Fuentes:<\/strong>\n<ul>\n<li>https:\/\/www.guttmacher.org\/fact-sheet\/abortion-ghana<\/li>\n<li>https:\/\/www.guttmacher.org\/news-release\/2010\/unsafe-abortion-major-cause-maternal-death-ghana<\/li>\n<\/ul>\n<\/li>\n<\/ul>\n<img loading=\"lazy\" decoding=\"async\" class=\"alignnone size-full wp-image-15298\" src=\"https:\/\/globaldoctorsforchoice.org\/wp-content\/uploads\/Ghana-map.jpg\" alt=\"\" width=\"256\" height=\"281\" \/>\n<h3><\/h3>\n<h3><strong>GDC\/Ghana:\u00a0<\/strong><strong>Logros Recientes<\/strong><\/h3>\n<ul>\n<li><strong>Difundi\u00f3 pericia para avanzar la defense\u00a0pol\u00edtica local, regional y global:\u00a0\u00a0<\/strong>\n<ul>\n<li>Asisti\u00f3 a la Conferencia Internacional de la Coalici\u00f3n de Salud de la Mujer sobre Objeci\u00f3n de Conciencia en Uruguay para presentar sus experiencias en Ghana.<\/li>\n<li>Fue entrevistado y citado con frecuencia en los medios locales sobre temas de salud reproductiva, incluido el aborto seguro.<\/li>\n<\/ul>\n<\/li>\n<li><strong>Mitig\u00f3 la objeci\u00f3n de conciencia (OC) al aborto:<\/strong>\n<ul>\n<li>Finaliz\u00f3 el estudio de prevalencia de objeci\u00f3n de conciencia (OC) del norte de Ghana:\n<ul>\n<li>Casi la mitad de los proveedores, entrenados y calificados para brindar un aborto legal, se opusieron a brindar abortos.<\/li>\n<li>Sin embargo, la mayor\u00eda respald\u00f3 1) las directrices de pol\u00edtica nacional para regular el OC, 2) las pautas obligatorias de aborto en las instalaciones de salud y 3) responsabilizando a los gerentes de salud de garantizar el cumplimiento de las pautas.<\/li>\n<li>Comparti\u00f3 su pericia en OC, incluidos los resultados de la encuesta de OC y las recomendaciones de pol\u00edticas, durante una conferencia de un d\u00eda organizada conjuntamente por GDC\/Ghana e IPAS, en la Conferencia de \u00c1frica sobre investigaci\u00f3n del aborto en Etiop\u00eda y mediante publicaciones en <a href=\"http:\/\/journals.plos.org\/plosone\/article?id=10.1371\/journal.pone.0164368\">PLOS ONE<\/a>, <a href=\"https:\/\/www.ghanaweb.com\/GhanaHomePage\/health\/Provider-obstruction-a-major-threat-to-critical-maternal-health-services-in-Northern-Ghana-529455\">Ghana Web<\/a>\u00a0y\u00a0<a href=\"https:\/\/obgyn.onlinelibrary.wiley.com\/doi\/full\/10.1002\/ijgo.12328\">International Journal of Gynecology and Obstetrics<\/a> (FIGO).<\/li>\n<\/ul>\n<\/li>\n<li>Se recibi\u00f3 la aprobaci\u00f3n para publicar y compartir hallazgos clave en los medios de comunicaci\u00f3n, a trav\u00e9s de art\u00edculos de revistas y en reuniones de alto nivel.<\/li>\n<li>Se ampli\u00f3 la investigaci\u00f3n de CO en el sur de Ghana, en las regiones del este y Volta, para aumentar el acceso al aborto en todo Ghana.\n<ul>\n<li>Resultados: 40% de objetores autoidentificados y 57% objetores hipot\u00e9ticos.<\/li>\n<li>M\u00e1s de 1 de cada 3 proveedores del Este ofrece atenci\u00f3n de aborto \u00f3ptima.<\/li>\n<li>20% de los objetores tambi\u00e9n se neg\u00f3 a remitir (obst\u00e1culos).<\/li>\n<li>Ahora se centrar\u00e1 en la diseminaci\u00f3n y mitigaci\u00f3n de OC (capacitaciones, intercambio de resultados, etc.) para reducir la cantidad de proveedores perdidos en OC, y as\u00ed aumentar el acceso al aborto legal y seguro.<\/li>\n<\/ul>\n<\/li>\n<li>Est\u00e1 planeando a crear un plan de intervenci\u00f3n para reducir la cantidad de proveedores perdidos por OC y as\u00ed aumentar el acceso al aborto seguro y legal en Ghana.<\/li>\n<li>Monitorizar\u00e1 la influencia en las pol\u00edticas y regulaciones y lo utilizar\u00e1 como modelo para el cambio en otros pa\u00edses para mitigar el CO.<\/li>\n<\/ul>\n<\/li>\n<li><strong>Lider\u00f3\u00a0la defensa pol\u00edtica:<\/strong>\n<ul>\n<li>Comparti\u00f3 las implicaciones claves de pol\u00edtica en un <a href=\"https:\/\/globaldoctorsforchoice.org\/wp-content\/uploads\/GDC-Ghana-Policy-Brief-CO-FINAL.pdf\">Informe de Pol\u00edtica para Regular el Uso de Negaci\u00f3n de Atenci\u00f3n para Servicios de Aborto Legal<\/a> (este informe est\u00e1 en ingl\u00e9s) con el Ministerio de Salud. Las posibles intervenciones incluyen:\n<ul>\n<li>pautas de OC para instalaciones de salud,<\/li>\n<li>capacitaci\u00f3n\u00a0en provisi\u00f3n de servicios de aborto,<\/li>\n<li>campa\u00f1as de concientizaci\u00f3n sobre el aborto para el p\u00fablico en general,<\/li>\n<li>talleres de aclaraci\u00f3n de valores para profesionales para aumentar el n\u00famero de proveedores,<\/li>\n<li>educaci\u00f3n sobre la ley del aborto espec\u00edficamente para proveedores masculinos, y<\/li>\n<li>cambiar la ley para permitir que enfermeras capacitadas y m\u00e9dicos asistentes brinden servicios de aborto.<\/li>\n<\/ul>\n<\/li>\n<\/ul>\n<\/li>\n<\/ul>\n<p>&nbsp;<\/p>\n<h3>GDC\/Ghana: Liderazgo<\/h3>\n<p>El Dr. John Koku Awoonor-Williams es el fundador y medico l\u00edder de GDC\/Ghana y es miembro de la Junta Directiva.\u00a0 El Dr. Peter Baffoe es el medico co-l\u00edder de GDC\/Ghana.<\/p>\n<p>Los m\u00e9dicos l\u00edderes de GDC\/Ghana cuentan con el apoyo de un Consejo Asesor que incluye expertos de la medicina y la salud publica.<\/p>\n<p>GDC\/Ghana <span lang=\"es\">est\u00e1 registrada en Ghana como una organizaci\u00f3n sin fines de lucro.<\/span><\/p>\n<p>&nbsp;<\/p>\n<h3>GDC\/Ghana: Perfiles de los Doctores Principales<\/h3>\n<h4><img loading=\"lazy\" decoding=\"async\" class=\"alignleft size-medium wp-image-9408\" src=\"https:\/\/globaldoctorsforchoice.org\/wp-content\/uploads\/Koku-Awonoor-Photo-201x300.jpg\" alt=\"Koku Awonoor\" width=\"201\" height=\"300\" srcset=\"https:\/\/globaldoctorsforchoice.org\/wp-content\/uploads\/Koku-Awonoor-Photo-201x300.jpg 201w, https:\/\/globaldoctorsforchoice.org\/wp-content\/uploads\/Koku-Awonoor-Photo-688x1024.jpg 688w, https:\/\/globaldoctorsforchoice.org\/wp-content\/uploads\/Koku-Awonoor-Photo.jpg 1377w\" sizes=\"auto, (max-width: 201px) 100vw, 201px\" \/><\/h4>\n<h4>John Koku Awoonor-Williams, MD, MPH, MPP, PhD<\/h4>\n<h4>GDC\/Ghana Lead Doctor and GDC Board Member<\/h4>\n<p><span lang=\"es\">El Dr. John Koku Awoonor-Williams es el Director de Planificaci\u00f3n de Pol\u00edticas, Monitoreo y Evaluaci\u00f3n para los Servicios de Salud de Ghana, y el arquitecto de la estrategia de <a href=\"http:\/\/www.ghanahealthservice.org\/chps\/category.php?chpscid=98\">Servicios de Planificaci\u00f3n de Salud Basados \u200b\u200ben la Comunidad de Ghana (CHPS)<\/a>. Tambi\u00e9n es profesor de la <a href=\"https:\/\/www.mailman.columbia.edu\/\">Facultad de Salud P\u00fablica de Mailman de Columbia University<\/a>, profesor fundador de Avanzar los Sistemas de Salud Reproductiva y Comunitaria de la Universidad de Columbia (ARCHeS) del <a href=\"https:\/\/www.mailman.columbia.edu\/become-student\/departments\/population-family-health\">Departamento de Poblaci\u00f3n y Salud Familiar de Heilbrunn<\/a>, miembro de la <a href=\"https:\/\/www.mailman.columbia.edu\/become-student\/departments\/population-family-health\">Comis<\/a><a href=\"https:\/\/www.mailman.columbia.edu\/become-student\/departments\/population-family-health\">i\u00f3n <\/a><a href=\"https:\/\/www.mailman.columbia.edu\/become-student\/departments\/population-family-health\"> de la Investigaci\u00f3n, Monitoreo y Evaluaci\u00f3n del SIDA de Ghana<\/a> y Presidente del Proyecto Nacional de eSalud de Ghana, para el cual tambi\u00e9n coordina el Proyecto de Telemedicina de Ghana. Anteriormente, fue Director Regional de <a href=\"http:\/\/www.ghanahealthservice.org\/ghs-region.php?ghs&amp;ghsrid=4\">Servicios de Salud para la Regi\u00f3n del Alto Este de Ghana<\/a>, Oficial M\u00e9dico del Distrito Nkwanta de Ghana, Co-Investigador Principal (Co-PI) del <a href=\"https:\/\/www.mailman.columbia.edu\/research\/advancing-research-community-health-systems\/ghana-essential-health-interventions-programme\">Proyecto de Intervenci\u00f3n en Salud Esencial de Ghana (GEHIP)<\/a>, y actualmente Co-Investigador Principal Implementaci\u00f3n de CHPS.<\/span><\/p>\n<h4><\/h4>\n<h4><\/h4>\n<h4><\/h4>\n<p>&nbsp;<\/p>\n<h4><img loading=\"lazy\" decoding=\"async\" class=\"alignleft size-medium wp-image-10398\" src=\"https:\/\/globaldoctorsforchoice.org\/wp-content\/uploads\/peter-head-200x300.jpg\" alt=\"peter head\" width=\"200\" height=\"300\" srcset=\"https:\/\/globaldoctorsforchoice.org\/wp-content\/uploads\/peter-head-200x300.jpg 200w, https:\/\/globaldoctorsforchoice.org\/wp-content\/uploads\/peter-head-683x1024.jpg 683w, https:\/\/globaldoctorsforchoice.org\/wp-content\/uploads\/peter-head.jpg 1366w\" sizes=\"auto, (max-width: 200px) 100vw, 200px\" \/>Peter Baffoe, MD, MPH<\/h4>\n<h4>GDC\/Ghana Co-Lead Doctor<\/h4>\n<p>El Dr. Peter Baffoe se desempe\u00f1a como Especialista en Salud de <a href=\"https:\/\/www.unicef.org\/ghana\/\">UNICEF<\/a> en la Representaci\u00f3n de Ghana en Accra. Anteriormente, fue el especialista principal de obstetra y ginec\u00f3logo y el director m\u00e9dico del <a href=\"http:\/\/www.ghanahealthservice.org\/ghs-region.php?ghs&amp;ghsrid=4\">Hospital Regional del Alto Este en Ghana<\/a>. Durante ese tiempo, se desempe\u00f1\u00f3 como el \u00fanico obstetra \/ ginec\u00f3logo durante casi ocho a\u00f1os en la regi\u00f3n del Alto Este, una de las dos regiones m\u00e1s pobres y empobrecidas de Ghana. Como defensora apasionada de la maternidad segura, \u00e9l cree firmemente en el imperativo de garantizar la seguridad de las mujeres durante todo el proceso reproductivo y garantizar el derecho a la salud reproductiva, y se compromete a hacer esto realidad en las comunidades de la Regi\u00f3n del Alto Este de Ghana y en todo el mundo. El Dr. Baffoe complet\u00f3 su formaci\u00f3n m\u00e9dica en obstetricia y ginecolog\u00eda en el Instituto Superior de Ciencias M\u00e9dicas de Cuba, donde fue honrado con el Premio Especialista \/ Ginec\u00f3logo. Tiene una maestr\u00eda en salud p\u00fablica del Royal Tropical Institute en \u00c1msterdam y es miembro del <a href=\"https:\/\/gcps.edu.gh\">Colegio de Cirujanos de Ghana<\/a>.<\/p>\n<h3><\/h3>\n<h3><\/h3>\n<h3><\/h3>\n<p>&nbsp;<\/p>\n","protected":false},"excerpt":{"rendered":"<p>Ghana: La Salud Reproductiva y el Aborto Legalidad: Desde el 1985, el aborto ha sideo legal en casos de violaci\u00f3n o incesto, si la vida o la salud de la mujer est\u00e1n en peligro o si existe riesgo de anormalidad en el feto. Para asegurar la seguridad de los abortos legales, en 2006 el Servicio&#8230;  <a class=\"read-more\" href=\"https:\/\/globaldoctorsforchoice.org\/es\/ghana-2\/\" title=\"Read Ghana\">Keep Reading &raquo;<\/a><\/p>\n","protected":false},"author":2153,"featured_media":0,"parent":0,"menu_order":0,"comment_status":"closed","ping_status":"closed","template":"page-action-center.php","meta":{"_acf_changed":false,"_bbp_topic_count":0,"_bbp_reply_count":0,"_bbp_total_topic_count":0,"_bbp_total_reply_count":0,"_bbp_voice_count":0,"_bbp_anonymous_reply_count":0,"_bbp_topic_count_hidden":0,"_bbp_reply_count_hidden":0,"_bbp_forum_subforum_count":0,"footnotes":""},"class_list":["post-9141","page","type-page","status-publish","hentry"],"acf":[],"_links":{"self":[{"href":"https:\/\/globaldoctorsforchoice.org\/es\/wp-json\/wp\/v2\/pages\/9141","targetHints":{"allow":["GET"]}}],"collection":[{"href":"https:\/\/globaldoctorsforchoice.org\/es\/wp-json\/wp\/v2\/pages"}],"about":[{"href":"https:\/\/globaldoctorsforchoice.org\/es\/wp-json\/wp\/v2\/types\/page"}],"author":[{"embeddable":true,"href":"https:\/\/globaldoctorsforchoice.org\/es\/wp-json\/wp\/v2\/users\/2153"}],"replies":[{"embeddable":true,"href":"https:\/\/globaldoctorsforchoice.org\/es\/wp-json\/wp\/v2\/comments?post=9141"}],"version-history":[{"count":0,"href":"https:\/\/globaldoctorsforchoice.org\/es\/wp-json\/wp\/v2\/pages\/9141\/revisions"}],"wp:attachment":[{"href":"https:\/\/globaldoctorsforchoice.org\/es\/wp-json\/wp\/v2\/media?parent=9141"}],"curies":[{"name":"wp","href":"https:\/\/api.w.org\/{rel}","templated":true}]}}