{"id":9134,"date":"2013-07-11T16:47:27","date_gmt":"2013-07-11T20:47:27","guid":{"rendered":"https:\/\/globaldoctorsforchoice.org\/?page_id=9134"},"modified":"2019-03-06T17:44:53","modified_gmt":"2019-03-06T22:44:53","slug":"brasil","status":"publish","type":"page","link":"https:\/\/globaldoctorsforchoice.org\/es\/brasil\/","title":{"rendered":"Brasil (Rede M\u00e9dica pelo Direito de Decidir)"},"content":{"rendered":"<h3>Brasil: La Salud Reproductiva y el Aborto<\/h3>\n<ul>\n<li><strong>Legalidad:<\/strong>\n<ul>\n<li>El aborto est\u00e1 permitido en casos de violaci\u00f3n, cuando la vida de la mujer est\u00e1 en riesgo o en casos de anencefalia. Para estos casos, el aborto est\u00e1 disponible en el Servicio Nacional de Salud.<\/li>\n<\/ul>\n<\/li>\n<li><strong>Anticonceptivos:<\/strong>\n<ul>\n<li>En 2012, el 63% de las mujeres usaban anticonceptivos, per el 54% de los nacimientos no fueron planificados.<\/li>\n<\/ul>\n<\/li>\n<li><strong>Seg\u00fan una Encuesta Nacional de Aborto (PNA) en 2016:<\/strong>\n<ul>\n<li>El aborto es com\u00fan y persistente entre las mujeres de todas las clases sociales, grupos raciales, niveles educativos y religiones.<\/li>\n<li>Sin embargo, los abortos son m\u00e1s frecuentes entre las mujeres de niveles educativos m\u00e1s bajos, que son negras, marrones e ind\u00edgenas, y viven en las regiones del norte, noreste y medio oeste.<\/li>\n<li>En 2016, casi 1 de cada 5 mujeres tuvo al menos un aborto antes de los 40 a\u00f1os.<\/li>\n<li>En 2015, ~416,000 mujeres tuvieron un aborto.<\/li>\n<li>La mitad de todas las mujeres usaron medicamentos para abortar y casi la mitad de estas mujeres fueron hospitalizadas para completar el aborto.<\/li>\n<\/ul>\n<\/li>\n<li><strong> Complicaciones:<\/strong>\n<ul>\n<li>Despu\u00e9s de la introducci\u00f3n del misoprostol, la tasa de tratamiento para las complicaciones y la gravedad de las complicaciones disminuyeron: desde 1992 hasta 2012, la tasa de tratamiento disminuy\u00f3 en un 76% para las complicaciones graves y en un 57% para las menos graves.<\/li>\n<li>Muchas mujeres que califican para el aborto legal no pueden acceder a abortos y el acceso a servicios de aborto seguros pero ilegales est\u00e1 limitado a mujeres con medios econ\u00f3micos.<\/li>\n<li>El aborto inseguro es la cuarta causa de mortalidad materna en el pa\u00eds (2004).<\/li>\n<li>~1-4 millones de abortos ilegales ocurren en Brasil anualmente (2004).<\/li>\n<\/ul>\n<\/li>\n<\/ul>\n<ul>\n<li><strong>Fuentes:<\/strong>\n<ul>\n<li>http:\/\/worldabortionlaws.com\/map\/<\/li>\n<li>https:\/\/www.tandfonline.com\/doi\/pdf\/10.1080\/17441692.2014.986167<\/li>\n<li>http:\/\/www.evidencias.com.br\/pdf\/publicacoes\/9c1e501fc9c5e71d708e6c9f1ff2cf10.pdf<\/li>\n<li>http:\/\/www.scielo.br\/pdf\/csc\/v22n2\/en_1413-8123-csc-22-02-0653.pdf<\/li>\n<li>https:\/\/www.hrw.org\/legacy\/women\/abortion\/brazil.html<\/li>\n<li>https:\/\/www.guttmacher.org\/report\/abortion-worldwide-2017<\/li>\n<\/ul>\n<\/li>\n<\/ul>\n<img loading=\"lazy\" decoding=\"async\" class=\"alignnone size-medium wp-image-15096\" src=\"https:\/\/globaldoctorsforchoice.org\/wp-content\/uploads\/Brazil-map-272x300.png\" alt=\"\" width=\"272\" height=\"300\" srcset=\"https:\/\/globaldoctorsforchoice.org\/wp-content\/uploads\/Brazil-map-272x300.png 272w, https:\/\/globaldoctorsforchoice.org\/wp-content\/uploads\/Brazil-map.png 321w\" sizes=\"auto, (max-width: 272px) 100vw, 272px\" \/>\n<h3>GDC\/Brasil: Logros Recientes<\/h3>\n<ul>\n<li><strong><strong>Expandi\u00f3 acceso de las mujeres a los medicamentos abortivos:<\/strong><\/strong>\n<ul>\n<li>Colabor\u00f3 \u200b\u200bcon las partes interesadas claves para influenciar:\n<ul>\n<li>La compra centralizada de misoprostol y equipo de aspiraci\u00f3n manual por vac\u00edo por el Ministerio de Salud de Brasil<\/li>\n<li>El registro final de la presentaci\u00f3n oral y sublingual del misoprostol por parte de la ANVISA (la Agencia Brasile\u00f1a de Regulaci\u00f3n de la Salud, similar a la Administraci\u00f3n Federal de Drogas\/FDA en los EE. UU.)<\/li>\n<li>La revisi\u00f3n de la aprobaci\u00f3n de mifepristona por ANVISA.<\/li>\n<li>Varios hospitales actualizando sus protocolos y provisi\u00f3n de misoprostol (p. Ej., Universidade Federal do Amazonas, Pontif\u00edcia Universidade Cat\u00f3lica y Hospital Santa Marcelina)<\/li>\n<\/ul>\n<\/li>\n<li>Como la mayor\u00eda de los abortos en todo el mundo ocurren en el primer trimestre y se ha comprobado que el aborto con medicamentos es seguro, la disponibilidad de estos medicamentos es esencial para garantizar el acceso a abortos seguros.<\/li>\n<\/ul>\n<\/li>\n<li><strong><strong><strong>Capacit\u00f3\u00a0 a profesionales<\/strong><\/strong><\/strong> <strong>m\u00e9dicos en defensa del aborto:<\/strong>\n<ul>\n<li>Atenci\u00f3n integral de abortos en Mozambique (8 participantes)<\/li>\n<li>Pre-FIGO M\u00e9dico de salud reproductiva-Defensa (30)<\/li>\n<li>Asisti\u00f3 a GDC \/ M\u00e9xico para proporcionar cuatro talleres (80)<\/li>\n<\/ul>\n<\/li>\n<li><strong><strong><strong>Mitig\u00f3 la objeci\u00f3n de conciencia<\/strong><\/strong><\/strong><strong><strong>\u00a0(OC) al aborto:<\/strong><\/strong>\n<ul>\n<li>Entren\u00f3 a 100 profesionales m\u00e9dicos en Brasilia en relaci\u00f3n con la violencia sexual y la provisi\u00f3n legal de aborto, para que los proveedores entiendan cu\u00e1ndo y c\u00f3mo brindar abortos seguros y para que las mujeres entiendan sus derechos legales al aborto.<\/li>\n<li>Particip\u00f3 en un debate de OC con 50 m\u00e9dicos y enfermeras en el Hospital Amador Aguiar en Osasco\/S\u00e3o Paulo y distribuy\u00f3 el <a href=\"https:\/\/globaldoctorsforchoice.org\/wp-content\/uploads\/PositionPaper03_v2-ODCpdf.pdf\">Papel Blanco de GDC sobre OC<\/a>.<\/li>\n<li><a href=\"http:\/\/www.produtoraflorescer.com\">Proporcion\u00f3 una entrevista en video en OC<\/a>.<\/li>\n<li>Proporcion\u00f3 una entrevista a varios peri\u00f3dicos nacionales (<a href=\"https:\/\/oglobo.globo.com\/sociedade\/gravidas-que-foram-vitimas-de-estupro-tem-acesso-dificultado-ao-aborto-previsto-em-lei-22248091\">incluido \u00abO Globo\u00bb<\/a>) para abordar el impacto de la OC y la\u00a0negaci\u00f3n de la atenci\u00f3n por parte de los profesionales m\u00e9dicos a las mujeres que sobrevivieron a una violaci\u00f3n.<\/li>\n<li>Dirigi\u00f3 un taller de formaci\u00f3n de capacitadores sobre atenci\u00f3n posaborto \/ atenci\u00f3n comprehensiva del aborto con ocho m\u00e9dicos y enfermeras en Mozambique.<\/li>\n<\/ul>\n<\/li>\n<li><strong><strong>Lider\u00f3 <\/strong><\/strong><strong>la defensa pol\u00edtica:<\/strong>\n<ul>\n<li>Particip\u00f3 en la campa\u00f1a para despenalizar el aborto en Brasil:\n<ul>\n<li>Particip\u00f3 en una audiencia p\u00fablica de la Corte Suprema<\/li>\n<li>Envi\u00f3 una carta de apoyo a la legalizaci\u00f3n del aborto<\/li>\n<li>Particip\u00f3 en varias entrevistas, muchas de las cuales fueron televisadas<\/li>\n<\/ul>\n<\/li>\n<li>Cultiv\u00f3 asociaciones para promover los derechos del aborto:\n<ul>\n<li>AADS, Article 19, Association of Judges for Democracy, Catholics for Choice, Curumin Group, FEBRASCO, Global Health Strategies, SOGESP, etc.<\/li>\n<\/ul>\n<\/li>\n<li>Respondi\u00f3 al proyecto de ley PEC 181 que, de aprobarse, amenazar\u00eda con penalizar por completo el aborto en Brasil.\n<ul>\n<li>Entrevist\u00f3 por \u00abO Estado de S\u00e3o Paulo,\u00bb una fuente de medios con amplia circulaci\u00f3n nacional, y enfatiz\u00f3 el riesgo de criminalizar el aborto (\u201c<a href=\"http:\/\/emais.estadao.com.br\/blogs\/nana-soares\/a-lei-nao-salva-o-feto-mas-mata-a-mulher-afirma-cristiao-rosas\/\">A lei n\u00e3o salva o feto, mas mata a mulher<\/a>\u201d).<\/li>\n<li>Alert\u00f3 a la GDC a este asunto, compart\u00f3 una perspectiva local valiosa y ayud\u00f3 a redactar <a href=\"https:\/\/globaldoctorsforchoice.org\/wp-content\/uploads\/GDC-Brazil-FINAL-SP.pdf\">la carta que GDC present\u00f3 a la Corte Suprema de la Federaci\u00f3n Brasile\u00f1<\/a>a.<\/li>\n<\/ul>\n<\/li>\n<li>Desempe\u00f1\u00f3 un papel clave en <a href=\"https:\/\/globaldoctorsforchoice.org\/wp-content\/uploads\/GDC-Chile-FINAL-SP.pdf\">la conexi\u00f3n de GDC con los m\u00e9dicos chilenos<\/a> durante el proceso final de Chile debatiendo la legalizaci\u00f3n propuesta (y ahora aprobada) del aborto.<\/li>\n<li>Particip\u00f3 en una variedad de eventos para resaltar las barreras de acceso y promover formas de brindar atenci\u00f3n integral.<\/li>\n<\/ul>\n<\/li>\n<\/ul>\n<h3><\/h3>\n<h3>GDC\/Brasil: Liderazgo<\/h3>\n<p class=\"p1\">El Dr.\u00a0Cristi\u00e3o Fernando Rosas es el fundador y m\u00e9dico l\u00edder de GDC\/Brasil, y la Dra.\u00a0Mar\u00eda Jos\u00e9 de Oliveira Ara\u00fajo es la m\u00e9dica co-l\u00edder.<\/p>\n<p>GDC\/Brasil es guiado por un Comit\u00e9 Asesor compuesto por expertos en el campo de la salud y los derechos reproductivos.<\/p>\n<p class=\"p2\"><a href=\"http:\/\/catolicas.org.br\/\">Cat\u00f3licas por el Derecho a Decidir\/Brasil <\/a>sirve como patrocinador fiscal de GDC\/Brasil.<\/p>\n<p>&nbsp;<\/p>\n<h3>GDC\/Brasil:\u00a0Perfiles de los Doctores Principales<\/h3>\n<h4><img loading=\"lazy\" decoding=\"async\" class=\"wp-image-10224 alignleft\" src=\"https:\/\/globaldoctorsforchoice.org\/wp-content\/uploads\/Cristiao1-200x300.jpg\" alt=\"\" width=\"203\" height=\"305\" srcset=\"https:\/\/globaldoctorsforchoice.org\/wp-content\/uploads\/Cristiao1-200x300.jpg 200w, https:\/\/globaldoctorsforchoice.org\/wp-content\/uploads\/Cristiao1-683x1024.jpg 683w, https:\/\/globaldoctorsforchoice.org\/wp-content\/uploads\/Cristiao1.jpg 1367w\" sizes=\"auto, (max-width: 203px) 100vw, 203px\" \/>Cristi\u00e3o Fernando Rosas, MD<\/h4>\n<h4><strong>Fundador y M\u00e9dico L\u00edder de GDC\/Brasil<\/strong><\/h4>\n<p><span lang=\"es\">Antes de su jubilaci\u00f3n, el Dr. Rosas se desempe\u00f1\u00f3 como Director de la Cl\u00ednica de Obstetricia en la Escuela de Maternidad de Vila Nova en S\u00e3o Paulo, Brasil. Tambi\u00e9n se desempe\u00f1\u00f3 como presidente de la Comisi\u00f3n Nacional de Violencia Sexual y Aborto Legal de la <a href=\"https:\/\/www.febrasgo.org.br\/\">Federaci\u00f3n Brasile\u00f1a de Asociaciones de Ginecolog\u00eda y Obstetricia (FEBRASGO)<\/a>, coordinador del Comit\u00e9 de Derechos Sexuales y Reproductivos del Cono Sur de la <a href=\"http:\/\/flasog.net\/\">Federaci\u00f3n Latinoamericana de Sociedades de Ginecolog\u00eda y Obstetricia (FLASOG)<\/a>, miembro del consejo asesor del <a href=\"http:\/\/clacai.org\/\">Consorcio Latinoamericano contra el Aborto Inseguro (CLACAI)<\/a>, miembro de la Iniciativa para la Prevenci\u00f3n del Aborto Inseguro en la <a href=\"https:\/\/www.figo.org\/figo-prevention-unsafe-abortion-initiative\">Federaci\u00f3n Internacional de Ginecolog\u00eda y Obstetricia (FIGO)<\/a>, el secretario del Comisi\u00f3n Nacional de Violencia Sexual y Aborto Legal de la Sociedad de Ginecolog\u00eda y Obstetricia de Brasil, y miembro de la Junta T\u00e9cnica de Salud de la Mujer del Consejo M\u00e9dico Regional del Estado de S\u00e3o Paulo.<\/span><\/p>\n<h4><\/h4>\n<h4><\/h4>\n<p>&nbsp;<\/p>\n<h4><img loading=\"lazy\" decoding=\"async\" class=\" wp-image-11509 alignleft\" src=\"https:\/\/globaldoctorsforchoice.org\/wp-content\/uploads\/Maze-Maria-Jose-Araujo-Photo-228x300.jpg\" alt=\"\" width=\"222\" height=\"292\" srcset=\"https:\/\/globaldoctorsforchoice.org\/wp-content\/uploads\/Maze-Maria-Jose-Araujo-Photo-228x300.jpg 228w, https:\/\/globaldoctorsforchoice.org\/wp-content\/uploads\/Maze-Maria-Jose-Araujo-Photo-768x1010.jpg 768w, https:\/\/globaldoctorsforchoice.org\/wp-content\/uploads\/Maze-Maria-Jose-Araujo-Photo-779x1024.jpg 779w, https:\/\/globaldoctorsforchoice.org\/wp-content\/uploads\/Maze-Maria-Jose-Araujo-Photo.jpg 1448w\" sizes=\"auto, (max-width: 222px) 100vw, 222px\" \/>Maria Jos\u00e9 de Oliveira Ara\u00fajo, MD<\/h4>\n<h4><strong>M\u00e9dica Co-L\u00edder de GDC\/Brasil<\/strong><\/h4>\n<p>Una activista por los derechos de las mujeres y una m\u00e9dica, la Dra. Ara\u00fajo, se especializa en pediatr\u00eda y salud materno-infantil en S\u00e3o Paulo, Brasil. Tambi\u00e9n se desempe\u00f1\u00f3 como coordinadora de la Divisi\u00f3n T\u00e9cnica de Salud de la Mujer en el Ministerio de Salud de Brasil, coordinadora de la Divisi\u00f3n T\u00e9cnica de Salud de la Mujer en la Municipalidad de S\u00e3o Paulo y portavoz nacional de Derechos de Salud para la <a href=\"http:\/\/www.unesco.org\/new\/en\/brasilia\/about-this-office\/networks\/specialized-communities\/specialized-communities-shs\/dhesca-brasil\/\">Plataforma Brasile\u00f1a de Derechos Humanos Economicos, Sociales,\u00a0 Culturales y Ambientales (Plataforma DhESCA Brasil)<\/a>. Es la fundadora de la Red Nacional Feminista de Derechos Sanitarios, Sexuales y Reproductivos de Brasil y actualmente es miembro de su junta directiva.<\/p>\n<img loading=\"lazy\" decoding=\"async\" class=\"size-medium wp-image-10157 alignleft\" src=\"https:\/\/globaldoctorsforchoice.org\/wp-content\/uploads\/GDc-brazil-cropped-300x296.png\" alt=\"\" width=\"300\" height=\"296\" srcset=\"https:\/\/globaldoctorsforchoice.org\/wp-content\/uploads\/GDc-brazil-cropped-300x296.png 300w, https:\/\/globaldoctorsforchoice.org\/wp-content\/uploads\/GDc-brazil-cropped.png 390w\" sizes=\"auto, (max-width: 300px) 100vw, 300px\" \/>\n","protected":false},"excerpt":{"rendered":"<p>Brasil: La Salud Reproductiva y el Aborto Legalidad: El aborto est\u00e1 permitido en casos de violaci\u00f3n, cuando la vida de la mujer est\u00e1 en riesgo o en casos de anencefalia. Para estos casos, el aborto est\u00e1 disponible en el Servicio Nacional de Salud. Anticonceptivos: En 2012, el 63% de las mujeres usaban anticonceptivos, per el&#8230;  <a class=\"read-more\" href=\"https:\/\/globaldoctorsforchoice.org\/es\/brasil\/\" title=\"Read Brasil (Rede M\u00e9dica pelo Direito de Decidir)\">Keep Reading &raquo;<\/a><\/p>\n","protected":false},"author":2153,"featured_media":0,"parent":0,"menu_order":0,"comment_status":"closed","ping_status":"closed","template":"page-action-center.php","meta":{"_acf_changed":false,"_bbp_topic_count":0,"_bbp_reply_count":0,"_bbp_total_topic_count":0,"_bbp_total_reply_count":0,"_bbp_voice_count":0,"_bbp_anonymous_reply_count":0,"_bbp_topic_count_hidden":0,"_bbp_reply_count_hidden":0,"_bbp_forum_subforum_count":0,"footnotes":""},"class_list":["post-9134","page","type-page","status-publish","hentry"],"acf":[],"_links":{"self":[{"href":"https:\/\/globaldoctorsforchoice.org\/es\/wp-json\/wp\/v2\/pages\/9134","targetHints":{"allow":["GET"]}}],"collection":[{"href":"https:\/\/globaldoctorsforchoice.org\/es\/wp-json\/wp\/v2\/pages"}],"about":[{"href":"https:\/\/globaldoctorsforchoice.org\/es\/wp-json\/wp\/v2\/types\/page"}],"author":[{"embeddable":true,"href":"https:\/\/globaldoctorsforchoice.org\/es\/wp-json\/wp\/v2\/users\/2153"}],"replies":[{"embeddable":true,"href":"https:\/\/globaldoctorsforchoice.org\/es\/wp-json\/wp\/v2\/comments?post=9134"}],"version-history":[{"count":0,"href":"https:\/\/globaldoctorsforchoice.org\/es\/wp-json\/wp\/v2\/pages\/9134\/revisions"}],"wp:attachment":[{"href":"https:\/\/globaldoctorsforchoice.org\/es\/wp-json\/wp\/v2\/media?parent=9134"}],"curies":[{"name":"wp","href":"https:\/\/api.w.org\/{rel}","templated":true}]}}