{"id":9125,"date":"2013-07-10T17:39:57","date_gmt":"2013-07-10T21:39:57","guid":{"rendered":"https:\/\/globaldoctorsforchoice.org\/?page_id=9125"},"modified":"2018-04-18T17:43:27","modified_gmt":"2018-04-18T21:43:27","slug":"contactenos","status":"publish","type":"page","link":"https:\/\/globaldoctorsforchoice.org\/es\/quienes-somos-2\/contactenos\/","title":{"rendered":"Cont\u00e1ctenos"},"content":{"rendered":"<p>Por favor env\u00edenos un email a <a href=\"mailto:info@globaldoctorsforchoice.org\">info@globaldoctorsforchoice.org<\/a>.<\/p>\n<p><span lang=\"es\">Tambi\u00e9n, invitamos a m\u00e9dicos de todas las disciplinas m\u00e9dicas y de todo el mundo para unirse a nosotros como miembro. Por favor haga un clic en <a href=\"https:\/\/globaldoctorsforchoice.org\/es\/membresia-de-gdc\/\">aqu\u00ed<\/a> para\u00a0solicitar la membres\u00eda.<\/span><\/p>\n<p>&nbsp;<\/p>\n","protected":false},"excerpt":{"rendered":"<p>Por favor env\u00edenos un email a info@globaldoctorsforchoice.org. Tambi\u00e9n, invitamos a m\u00e9dicos de todas las disciplinas m\u00e9dicas y de todo el mundo para unirse a nosotros como miembro. Por favor haga un clic en aqu\u00ed para\u00a0solicitar la membres\u00eda. &nbsp;<\/p>\n","protected":false},"author":2153,"featured_media":0,"parent":9290,"menu_order":5,"comment_status":"closed","ping_status":"closed","template":"","meta":{"_acf_changed":false,"_bbp_topic_count":0,"_bbp_reply_count":0,"_bbp_total_topic_count":0,"_bbp_total_reply_count":0,"_bbp_voice_count":0,"_bbp_anonymous_reply_count":0,"_bbp_topic_count_hidden":0,"_bbp_reply_count_hidden":0,"_bbp_forum_subforum_count":0,"footnotes":""},"class_list":["post-9125","page","type-page","status-publish","hentry"],"acf":[],"_links":{"self":[{"href":"https:\/\/globaldoctorsforchoice.org\/es\/wp-json\/wp\/v2\/pages\/9125","targetHints":{"allow":["GET"]}}],"collection":[{"href":"https:\/\/globaldoctorsforchoice.org\/es\/wp-json\/wp\/v2\/pages"}],"about":[{"href":"https:\/\/globaldoctorsforchoice.org\/es\/wp-json\/wp\/v2\/types\/page"}],"author":[{"embeddable":true,"href":"https:\/\/globaldoctorsforchoice.org\/es\/wp-json\/wp\/v2\/users\/2153"}],"replies":[{"embeddable":true,"href":"https:\/\/globaldoctorsforchoice.org\/es\/wp-json\/wp\/v2\/comments?post=9125"}],"version-history":[{"count":0,"href":"https:\/\/globaldoctorsforchoice.org\/es\/wp-json\/wp\/v2\/pages\/9125\/revisions"}],"up":[{"embeddable":true,"href":"https:\/\/globaldoctorsforchoice.org\/es\/wp-json\/wp\/v2\/pages\/9290"}],"wp:attachment":[{"href":"https:\/\/globaldoctorsforchoice.org\/es\/wp-json\/wp\/v2\/media?parent=9125"}],"curies":[{"name":"wp","href":"https:\/\/api.w.org\/{rel}","templated":true}]}}