{"id":16566,"date":"2018-09-05T18:53:42","date_gmt":"2018-09-05T22:53:42","guid":{"rendered":"https:\/\/globaldoctorsforchoice.org\/?page_id=16566"},"modified":"2019-04-29T11:27:05","modified_gmt":"2019-04-29T15:27:05","slug":"irlanda","status":"publish","type":"page","link":"https:\/\/globaldoctorsforchoice.org\/es\/irlanda\/","title":{"rendered":"Irlanda"},"content":{"rendered":"<h3>Irlanda: La Salud Reproductiva y el Aborto<\/h3>\n<ul>\n<li><strong>Legalidad:<\/strong>\n<ul>\n<li>En mayo de 2018, los irlandeses votaron para derogar la Octava Enmienda y as\u00ed legalizar el aborto.\n<ul>\n<li>La nueva ley permitir\u00e1 el aborto hasta las 12 semanas de embarazo sin restricciones, y m\u00e1s all\u00e1 de las 12 semanas en casos de anomal\u00edas fetales fatales o riesgos graves para la salud de la mujer.<\/li>\n<\/ul>\n<\/li>\n<li>Antes de esta legalizaci\u00f3n:\n<ul>\n<li>3265 personas salieron de Irlanda cada a\u00f1o para obtener abortos.<\/li>\n<li>~ 5 mujeres irlandesas y 2 irlandesas del norte solicitaron una pastilla para abortar cada d\u00eda en sitios web de telemedicina.<\/li>\n<li>Las mujeres y las ni\u00f1as asumieron riesgos a pesar de la amenaza de hasta 14 a\u00f1os de prisi\u00f3n por procurar un aborto.<\/li>\n<\/ul>\n<\/li>\n<\/ul>\n<\/li>\n<li><strong>Anticonceptivos:<\/strong>\n<ul>\n<li>El gobierno est\u00e1 considerando ofrecer anticonceptivos gratuitos para todos, ahora que la Octava Enmienda ha sido derogada.<\/li>\n<li>De 1946 a 1979, la ley irlandesa penaliz\u00f3 los anticonceptivos.<\/li>\n<li>En 1985, la nueva legislaci\u00f3n permiti\u00f3 la distribuci\u00f3n de anticonceptivos no m\u00e9dicos (condones y espermicidas) en consultorios m\u00e9dicos, hospitales y cl\u00ednicas de planificaci\u00f3n familiar, y estos anticonceptivos estuvieron disponibles sin receta para personas mayores de 18 a\u00f1os en farmacias.<\/li>\n<li>En 1993, los anticonceptivos se legalizaron por completo. Ahora es legal comprar de anticonceptivos, pero la accesibilidad sigue siendo limitada.<\/li>\n<\/ul>\n<\/li>\n<li><strong>Complicaciones:<\/strong>\n<ul>\n<li>Adem\u00e1s de abogar por la autonom\u00eda corporal, el principal argumento para legalizar el aborto fue disminuir la mortalidad materna debido a los abortos clandestinos.<\/li>\n<li>En 2012, Savita Happalanavar, una dentista, muri\u00f3 despu\u00e9s de que se le negara un aborto a pesar de complicaciones graves de su embarazo.<\/li>\n<li>Las leyes de aborto altamente restrictivas \u00abpueden tener un amplio rango de impactos f\u00edsicos, psicol\u00f3gicos, financieros y sociales sobre las mujeres, con implicaciones para su salud y bienestar\u00bb.<\/li>\n<\/ul>\n<\/li>\n<\/ul>\n<ul>\n<li><strong>Fuentes:<\/strong>\n<ul>\n<li>https:\/\/www.facebook.com\/londonirishARC\/videos\/1863349897020666\/UzpfSTExMDY4NjIwMTkzNDU1MDM6MTkyMjQxNjcwNzc5MDAyNg\/<\/li>\n<li>https:\/\/www.irishtimes.com\/news\/health\/numbers-travelling-to-britain-for-abortion-fall-to-1980-level-1.3118210<\/li>\n<li>http:\/\/www.thejournal.ie\/abortion-pill-questions-4002257-May2018\/<\/li>\n<li>https:\/\/www.abortionrightscampaign.ie\/2015\/06\/12\/5facts\/<\/li>\n<li>https:\/\/www.irishtimes.com\/news\/politics\/government-to-consider-introducing-free-contraception-for-all-1.3421544<\/li>\n<li>https:\/\/www.history.com\/this-day-in-history\/ireland-allows-sale-of-contraceptives<\/li>\n<li>http:\/\/thecircular.org\/overview-contraception-ireland-past-present-papal-influence\/<\/li>\n<li>https:\/\/www.nytimes.com\/2018\/05\/27\/world\/europe\/savita-halappanavar-ireland-abortion.html<\/li>\n<li>http:\/\/www.thejournal.ie\/eu-report-womens-health-abortion-3732024-Dec2017\/<\/li>\n<\/ul>\n<\/li>\n<\/ul>\n<img loading=\"lazy\" decoding=\"async\" class=\"size-medium wp-image-16552 alignnone\" src=\"https:\/\/globaldoctorsforchoice.org\/wp-content\/uploads\/Ireland-Map-275x300.jpg\" alt=\"\" width=\"275\" height=\"300\" srcset=\"https:\/\/globaldoctorsforchoice.org\/wp-content\/uploads\/Ireland-Map-275x300.jpg 275w, https:\/\/globaldoctorsforchoice.org\/wp-content\/uploads\/Ireland-Map.jpg 322w\" sizes=\"auto, (max-width: 275px) 100vw, 275px\" \/>\n<h3><\/h3>\n<h3><strong>Doctors for Choice Ireland:\u00a0<\/strong>Logros Recientes<\/h3>\n<ul>\n<li><strong>Lider\u00f3\u00a0la defensa pol\u00edtica:<\/strong>\n<ul>\n<li>La Dra. Mary Favier fue la anfitriona de un <a href=\"https:\/\/www.youtube.com\/watch?v=j5x3lG89ypU\">Tedx Talk<\/a>, \u00abImposible de lo posible,\u00bb* durante la cual ella comparti\u00f3 el papel de los m\u00e9dicos en la campa\u00f1a irlandesa derogaci\u00f3n del octavo refer\u00e9ndum. (*El video est\u00e1 en ingl\u00e9s.<\/li>\n<li>Dirigi\u00f3 una campa\u00f1a exitosa para eliminar la Octava Enmienda &#8211; \u00a0as\u00ed ayud\u00f3 a terminar a la prohibici\u00f3n constitucional irlandesa sobre el aborto.\n<ul>\n<li>Present\u00f3 en el Parlamento, inform\u00f3 activamente a todos los principales partidos pol\u00edticos y organizaciones representativas, e hizo apariciones p\u00fablicas con el Ministro de Salud que estaba promoviendo la derogaci\u00f3n.<\/li>\n<li>Lider\u00f3 una campa\u00f1a organizada para medios sociales y medios sociales, produjo hojas informativas utilizadas por activistas y los medios de comunicaci\u00f3n, y desacredit\u00f3 activamente mitos:\n<ul>\n<li>Cre\u00f3 y public\u00f3 m\u00faltiples videos de 60 segundos de m\u00e9dicos con el derecho de votar a favor de revocarse.<\/li>\n<li>Present\u00f3 una petici\u00f3n de firma de m\u00e9dico en l\u00ednea que se public\u00f3 como una p\u00e1gina completa en los peri\u00f3dicos nacionales la semana antes de la votaci\u00f3n.<\/li>\n<li>Brind\u00e9 m\u00faltiples entrevistas en radio y televisi\u00f3n, escrib\u00ed art\u00edculos, asist\u00ed a reuniones p\u00fablicas, etc.<\/li>\n<li><a href=\"https:\/\/www.irishtimes.com\/news\/politics\/abortion-referendum\/abortion-provision-is-threatened-by-austerity-1.3515220\">Public\u00f3 un art\u00edculo de opini\u00f3n enfatizando la importancia de superar las limitaciones para implementar la ley.<\/a><\/li>\n<\/ul>\n<\/li>\n<li>Proporcion\u00f3 lenguaje para la nueva ley, incluida la prestaci\u00f3n de servicios de aborto en un entorno de atenci\u00f3n primaria y la mitigaci\u00f3n de la objeci\u00f3n de conciencia.<\/li>\n<li><a href=\"https:\/\/www.irishtimes.com\/news\/politics\/abortion-referendum\/plan-to-draw-up-clinical-guidelines-to-introduce-abortion-services-1.3511819\">Contin\u00faan <\/a><a href=\"https:\/\/www.irishtimes.com\/news\/politics\/abortion-referendum\/plan-to-draw-up-clinical-guidelines-to-introduce-abortion-services-1.3511819\">colaborando con l\u00edderes pol\u00edticos claves en la implementaci\u00f3n de este cambio legal<\/a>, incluida la provisi\u00f3n de abortos en un entorno de atenci\u00f3n primaria.<\/li>\n<li>Ha participado en los preparativos para la implementaci\u00f3n de la nueva ley, incluida la provisi\u00f3n de experiencia para el cronograma de implementaci\u00f3n, ayudando a garantizar que las estructuras institucionales estuvieran en su lugar para permitir la provisi\u00f3n, aportando informaci\u00f3n para la producci\u00f3n de gu\u00edas cl\u00ednicas, la capacitaci\u00f3n de profesionales m\u00e9dicos y personal auxiliar, y comprometi\u00e9ndose con colegios m\u00e9dicos acad\u00e9micos.<\/li>\n<\/ul>\n<\/li>\n<li>Contin\u00faan abogando con l\u00edderes pol\u00edticos claves y reclutando profesionales m\u00e9dicos para proporcionar abortos m\u00e9dicos tempranos y para mitigar proactivamente la objeci\u00f3n de conciencia.<\/li>\n<\/ul>\n<\/li>\n<li><strong>Amplific\u00f3 el conocimiento y capacidad de la defense\u00a0pol\u00edtica:<\/strong>\n<ul>\n<li>Cre\u00f3 y public\u00f3 informaci\u00f3n m\u00e9dicamente precisa y basada en la evidencia sobre el aborto en <a href=\"https:\/\/doctorsforchoiceireland.com\/\">su sitio web<\/a>, incluidos art\u00edculos, hojas de datos, comunicados de prensa y recursos, con el fin de ayudar a influir en los profesionales m\u00e9dicos, el p\u00fablico en general y el l\u00edderes pol\u00edticos.<\/li>\n<\/ul>\n<\/li>\n<li><strong>Honrado por su trabajo:<\/strong>\n<ul>\n<li>La Dra. Mary Favier fue galardonada con el premio anual Bram Stoker de 2018 otorgado por <a href=\"https:\/\/www.tcdphil.com\/\">la Sociedad Filos\u00f3fica<\/a> de Trinity College en nombre de Irish Doctors for Choice. Cada a\u00f1o, la medalla de Bram Stoker se otorga a un individuo que ha hecho \u00abuna contribuci\u00f3n sobresaliente para dar forma al futuro de Irlanda.\u00bb<\/li>\n<li>La Dra. Mary Favier fue elegida vicepresidenta electa del <a href=\"https:\/\/www.icgp.ie\/\">Colegio Irland\u00e9s de M\u00e9dicos Generales (ICGP)<\/a>, a partir de mayo de 2018 por un a\u00f1o. En mayo de 2019 se convertir\u00e1 en presidenta por un a\u00f1o, y luego permanecer\u00e1 en la junta de ICGP como presidenta pasada inmediata por un a\u00f1o adicional a partir de mayo de 2020.<\/li>\n<\/ul>\n<\/li>\n<\/ul>\n<h3>Doctors for Choice Ireland: Liderazgo<\/h3>\n<p><span lang=\"es\">Doctors for Choice Ireland est\u00e1 dirigido por la Dra. Mary Favier y est\u00e1 formado por un grupo de m\u00e9dicos de diversas especialidades m\u00e9dicas, todos ellos comprometidos con el aumento del acceso a servicios integrales de salud reproductiva.<\/span><\/p>\n<h3>Doctors for Choice Ireland: Perfiles de los Doctores Principales<\/h3>\n<img loading=\"lazy\" decoding=\"async\" class=\"alignleft size-medium wp-image-10754\" src=\"https:\/\/globaldoctorsforchoice.org\/wp-content\/uploads\/Mary-Favier-photo-225x300.jpg\" alt=\"\" width=\"225\" height=\"300\" srcset=\"https:\/\/globaldoctorsforchoice.org\/wp-content\/uploads\/Mary-Favier-photo-225x300.jpg 225w, https:\/\/globaldoctorsforchoice.org\/wp-content\/uploads\/Mary-Favier-photo-768x1024.jpg 768w, https:\/\/globaldoctorsforchoice.org\/wp-content\/uploads\/Mary-Favier-photo.jpg 1536w\" sizes=\"auto, (max-width: 225px) 100vw, 225px\" \/>\n<h4>Mary Favier, MD, MBChB<\/h4>\n<h4><strong>M\u00e9dica L\u00edder y Miembro de la Junta Directiva<\/strong><\/h4>\n<p>La Dra. Mary Favier es miembro fundadora y miembro del comit\u00e9 ejecutivo de <a href=\"https:\/\/doctorsforchoiceireland.com\/\">Doctors for Choice Ireland<\/a>, fundada en 2002 para apoyar el derecho a elegir el aborto y que lucha por la provisi\u00f3n de un aborto legal seguro en Irlanda, incluida la despenalizaci\u00f3n del aborto.<\/p>\n<p>La Dra. Favier es directora y socia de medicina familiar desde 1998, miembro del <a href=\"https:\/\/www.icgp.ie\/\">Colegio Irland\u00e9s de M\u00e9dicos Generales (ICGP)<\/a> y miembro del <a href=\"http:\/\/www.rcgp.org.uk\/\">Royal College of General Practitioners<\/a> (Reino Unido). Es profesora invitada de la Facultad de Medicina de pregrado y del programa de formaci\u00f3n de Medicina Familiar de Postgrado en <a href=\"https:\/\/www.ucc.ie\/en\/medical\/\">University College Cork<\/a>. Tambi\u00e9n es miembro del Consejo de ICGP y del Comit\u00e9 de Competencia Profesional del ICGP. Anteriormente, fue miembro ejecutiva de ICGP, presidenta del Comit\u00e9 de Educaci\u00f3n de ICGP y miembro de ICGP Educational y Tutor de Educaci\u00f3n M\u00e9dica Continua. Ella sirvi\u00f3 en la junta del Centro de Crisis de Violaci\u00f3n local y fue asesora m\u00e9dica de un Servicio de Salud Sexual local. Adem\u00e1s, la Dra. Favier fue elegida miembro del <a href=\"https:\/\/www.medicalcouncil.ie\/\">Consejo M\u00e9dico<\/a> y tambi\u00e9n form\u00f3 parte del consejo de la <a href=\"https:\/\/www.medicalprotection.org\/\">Medical Protection Society<\/a>, el proveedor de indemnizaci\u00f3n m\u00e9dica m\u00e1s grande del mundo. La Dra. Favier dedica \u00be de su tiempo a la pr\u00e1ctica cl\u00ednica y \u00bc a la entrega de informes de opini\u00f3n legal experta sobre el incumplimiento del deber.<\/p>\n","protected":false},"excerpt":{"rendered":"<p>Irlanda: La Salud Reproductiva y el Aborto Legalidad: En mayo de 2018, los irlandeses votaron para derogar la Octava Enmienda y as\u00ed legalizar el aborto. La nueva ley permitir\u00e1 el aborto hasta las 12 semanas de embarazo sin restricciones, y m\u00e1s all\u00e1 de las 12 semanas en casos de anomal\u00edas fetales fatales o riesgos graves&#8230;  <a class=\"read-more\" href=\"https:\/\/globaldoctorsforchoice.org\/es\/irlanda\/\" title=\"Read Irlanda\">Keep Reading &raquo;<\/a><\/p>\n","protected":false},"author":2153,"featured_media":0,"parent":0,"menu_order":0,"comment_status":"closed","ping_status":"closed","template":"page-action-center.php","meta":{"_acf_changed":false,"_bbp_topic_count":0,"_bbp_reply_count":0,"_bbp_total_topic_count":0,"_bbp_total_reply_count":0,"_bbp_voice_count":0,"_bbp_anonymous_reply_count":0,"_bbp_topic_count_hidden":0,"_bbp_reply_count_hidden":0,"_bbp_forum_subforum_count":0,"footnotes":""},"class_list":["post-16566","page","type-page","status-publish","hentry"],"acf":[],"_links":{"self":[{"href":"https:\/\/globaldoctorsforchoice.org\/es\/wp-json\/wp\/v2\/pages\/16566","targetHints":{"allow":["GET"]}}],"collection":[{"href":"https:\/\/globaldoctorsforchoice.org\/es\/wp-json\/wp\/v2\/pages"}],"about":[{"href":"https:\/\/globaldoctorsforchoice.org\/es\/wp-json\/wp\/v2\/types\/page"}],"author":[{"embeddable":true,"href":"https:\/\/globaldoctorsforchoice.org\/es\/wp-json\/wp\/v2\/users\/2153"}],"replies":[{"embeddable":true,"href":"https:\/\/globaldoctorsforchoice.org\/es\/wp-json\/wp\/v2\/comments?post=16566"}],"version-history":[{"count":0,"href":"https:\/\/globaldoctorsforchoice.org\/es\/wp-json\/wp\/v2\/pages\/16566\/revisions"}],"wp:attachment":[{"href":"https:\/\/globaldoctorsforchoice.org\/es\/wp-json\/wp\/v2\/media?parent=16566"}],"curies":[{"name":"wp","href":"https:\/\/api.w.org\/{rel}","templated":true}]}}