{"id":15038,"date":"2018-05-30T15:05:33","date_gmt":"2018-05-30T19:05:33","guid":{"rendered":"https:\/\/globaldoctorsforchoice.org\/?page_id=15038"},"modified":"2019-07-03T15:46:34","modified_gmt":"2019-07-03T19:46:34","slug":"kenia","status":"publish","type":"page","link":"https:\/\/globaldoctorsforchoice.org\/es\/kenia\/","title":{"rendered":"Kenia"},"content":{"rendered":"<h3>Kenia: La Salud Reproductiva y el Aborto<\/h3>\n<ul>\n<li><strong>Legalidad:<\/strong>\n<ul>\n<li>El aborto est\u00e1 permitido cuando est\u00e1 proporcionado por un profesional de la salud capacitado si la mujer o ni\u00f1a embarazada necesita tratamiento de emergencia, su salud mental o f\u00edsica o su vida est\u00e1 en peligro, en el caso de una violaci\u00f3n o si est\u00e1 indicada por alguna otra ley escrita (p. una ley del parlamento como la que aborda la gesti\u00f3n de la violencia sexual y la violaci\u00f3n, la Ley de salud 2017, o el protocolo de Maputo).<\/li>\n<li>El aborto no est\u00e1 permitido en casos de incesto, malformaciones fetales, desaf\u00edos socioecon\u00f3micos o a pedido.<\/li>\n<\/ul>\n<\/li>\n<li><strong>Anticonceptivos:<\/strong>\n<ul>\n<li>Mientras el gobierno proporciona m\u00e1s de la mitad de los anticonceptivos sin costo alguno, los desabastecimientos son comunes y pueden incluir la escasez del inyectable, el m\u00e9todo m\u00e1s popular con disponibilidad limitada debido a las regulaciones de provisi\u00f3n.<\/li>\n<li>Muchas mujeres no tienen los recursos para comprar anticonceptivos.<\/li>\n<li>Las mujeres en areas rurales, barrios marginales urbanos y asentamientos informales tienen la mayor necesidad insatisfecha de anticonceptivos, ya que a menudo carecen de suficientes servicios p\u00fablicos y el sector privado puede no ofrecer servicios e informaci\u00f3n adecuados o precisos y puede ser costoso.<\/li>\n<li>Desde 2007 a 2012, el 43% de los nacimientos fueron no deseados o a destiempo.<\/li>\n<li>M\u00e1s del 70% de las mujeres que buscaban atenci\u00f3n despu\u00e9s del aborto no estaban usando un m\u00e9todo anticonceptivo antes de quedar embarazadas.<\/li>\n<\/ul>\n<\/li>\n<li><strong><strong>Complicaciones:\u00a0<\/strong><\/strong>\n<ul>\n<li>El aborto inseguro sigue siendo una de las principales causas de morbilidad y mortalidad materna.<\/li>\n<li>El acceso al aborto en los establecimientos de salud p\u00fablica es limitado debido a la falta de una pol\u00edtica clara sobre el aborto en las instalaciones del Ministerio de Salud. Solo las mujeres con recursos financieros pueden acceder a abortos seguros en el sector privado.<\/li>\n<li>El tratamiento del aborto inseguro consume importantes recursos de los sistemas de salud.<\/li>\n<li>~ 464,690 abortos inducidos ocurrieron a una tasa de 48 abortos por cada 1,000 mujeres, y una tasa de aborto inducido de 30 abortos por cada 100 nacimientos (2012).<\/li>\n<li>~ 119,912 mujeres recibieron atenci\u00f3n por complicaciones del aborto inducido, que es aproximadamente una tasa de complicaciones del 24% (2012).<\/li>\n<li>Las complicaciones graves fueron m\u00e1s comunes entre las mujeres de 10 a 19 a\u00f1os (45%), las mujeres divorciadas (56%) y las mujeres que informaron haber interferido con la continuaci\u00f3n del embarazo (58%).\n<ul>\n<li>Nota: Las mujeres que buscaron abortos fueron heterog\u00e9neas socialmente, econ\u00f3micamente y religiosamente, y en t\u00e9rminos de demogr\u00e1ficas, educaci\u00f3n, empleo, estado civil y urbano y rural.<\/li>\n<\/ul>\n<\/li>\n<\/ul>\n<\/li>\n<\/ul>\n<ul>\n<li><strong>Fuentes:<\/strong>\n<ul>\n<li>https:\/\/www.guttmacher.org\/report\/incidence-and-complications-unsafe-abortion-kenya<\/li>\n<li>https:\/\/www.guttmacher.org\/sites\/default\/files\/report_pdf\/ib_unsafeabortionkenya.pdf<\/li>\n<li>www.un.org\/esa\/population\/publications\/abortion\/doc\/kenya.doc<\/li>\n<\/ul>\n<\/li>\n<\/ul>\n<img loading=\"lazy\" decoding=\"async\" class=\"alignnone size-medium wp-image-14991\" src=\"https:\/\/globaldoctorsforchoice.org\/wp-content\/uploads\/Kenya-map-274x300.png\" alt=\"\" width=\"274\" height=\"300\" srcset=\"https:\/\/globaldoctorsforchoice.org\/wp-content\/uploads\/Kenya-map-274x300.png 274w, https:\/\/globaldoctorsforchoice.org\/wp-content\/uploads\/Kenya-map.png 320w\" sizes=\"auto, (max-width: 274px) 100vw, 274px\" \/>\n<h3>Doctors For Choice Kenya: Logos Recientes<\/h3>\n<ul>\n<li><strong><strong>Estaba involucrada en iniciativas de abogacia pol\u00edtica:<\/strong><\/strong>\n<ul>\n<li>Contribuy\u00f3 a la decision del Tribunal Superior de Nairobi que <a href=\"https:\/\/mailchi.mp\/safeabortionwomensright\/kenya-victory-in-landmark-ruling-challenging-the-withdrawal-of-the-standards-guidelines?e=012c642d85\">el Director de Servicios M\u00e9dicos y el Ministerio de Salud violaron los derechos de las mujeres y ni\u00f1as*<\/a> de Kenia cuando retiraron arbitrariamente las \u00ab<a href=\"https:\/\/globaldoctorsforchoice.org\/wp-content\/uploads\/2012-Ministry-of-Medical-Services-Standards-Guidelines.pdf\">Normas y Pautas para Reducir la Morbilidad y la Mortalidad por Aborto Inseguro en Kenia<\/a>\u00ab* y, por lo tanto, cre\u00f3 incertidumbre con respecto a la ley el estado del aborto y desanim\u00f3 a los practicantes a abortar por temor a ser <span lang=\"es\" tabindex=\"0\">perseguidos<\/span>. Adem\u00e1s, el Tribunal Superior dictamin\u00f3 que <a href=\"https:\/\/www.reuters.com\/article\/us-kenya-abortion-ruling\/kenyas-rape-survivors-win-right-to-abortion-in-landmark-court-ruling-idUSKCN1TD2HG\">los sobrevivientes de violaci\u00f3n tienen derecho a un aborto<\/a>.*\n<ul>\n<li>El equipo de Doctors for Choice Kenya contribuy\u00f3 a la creaci\u00f3n, el contenido y la aprobaci\u00f3n tanto de la Norma y las Pautas tanto como de las <a href=\"https:\/\/globaldoctorsforchoice.org\/wp-content\/uploads\/MOH-PAC-GUIDELINES-Feb-2019.pdf\">Pautas de Atenci\u00f3n Post Aborto de 2019<\/a>* para ayudar a garantizar la alta calidad de la prestaci\u00f3n de atenci\u00f3n m\u00e9dica. *Estos articulos y pautas <span lang=\"es\" tabindex=\"0\">est\u00e1n en ingl\u00e9s.<\/span><\/li>\n<\/ul>\n<\/li>\n<li><span lang=\"es\" tabindex=\"0\">Colabor\u00f3 \u200b\u200bcon el Ministerio de Salud para crear y recibir la aprobaci\u00f3n de <a href=\"https:\/\/globaldoctorsforchoice.org\/wp-content\/uploads\/MOH-PAC-GUIDELINES-Feb-2019.pdf\">las pautas de atenci\u00f3n post aborto.<\/a><\/span><\/li>\n<li><span lang=\"es\">Formul\u00f3 las Normas y Gu\u00edas del Ministerio de Salud para la prevenci\u00f3n de la morbilidad y mortalidad materna en Kenia.<\/span><\/li>\n<li><span lang=\"es\">Formul\u00f3 el <a href=\"https:\/\/globaldoctorsforchoice.org\/wp-content\/uploads\/MoH-PAC-Guidelines-2018-May.pdf\">Manual de la Atenci\u00f3n Post Aborto del Ministerio de Salud<\/a> para proveedores de servicios.<\/span><\/li>\n<li><span lang=\"es\"><a href=\"http:\/\/www.mediamaxnetwork.co.ke\/news\/374838\/374838\/\">Continua a abogar por la liberalizaci\u00f3n adicional de la ley de aborto.<\/a><\/span><\/li>\n<li>Inst\u00f3 al Ministerio de Salud a restablecer las pautas de aborto publicadas anteriormente pero luego revocadas, para ayudar a los proveedores a ofrecer abortos seguros seg\u00fan lo permita la ley (por ejemplo, para la salud f\u00edsica y mental de la mujer y en casos de emergencia). (Recibi\u00f3 una fuerte reacci\u00f3n y amenazas por esta iniciativa.)<\/li>\n<li>Desarroll\u00f3, en colaboraci\u00f3n con el Royal College of OB\/GYNs del Reino Unido, las pautas del Ministerio de Salud de Atenci\u00f3n Post-Aborto (PAC), que han sido aprobadas por la Unidad de Servicios de Salud Materna y Reproductiva y ahora est\u00e1n a la espera de la firma oficial del Director del Ministerio de Salud. de servicios m\u00e9dicos.<\/li>\n<li>Presion\u00f3 exitosamente al Ministerio de Salud para que levantara la prohibici\u00f3n de la prestaci\u00f3n de servicios de aborto Marie Stopes Kenia.<\/li>\n<li>Pidi\u00f3 a la Iglesia Cat\u00f3lica que pusiera fin a su oposici\u00f3n a los anticonceptivos.<\/li>\n<li>P\u00e9rales como l\u00edderes abiertos por los derechos a la salud reproductiva, a pesar del desaf\u00edo de su contexto local.<\/li>\n<li>Continuamente proporciona a los medios una respuesta r\u00e1pida a la propaganda en contra de la elecci\u00f3n contra el aborto, la anticoncepci\u00f3n y las inmunizaciones.<span lang=\"es\">\u00a0<\/span><\/li>\n<\/ul>\n<\/li>\n<li><strong><strong>Compart\u00eda pericia y dirig\u00eda presentaciones para\u00a0<span lang=\"es\">proporcionar herramientas para la defensa de la salud reproductiva:<\/span><\/strong><\/strong><strong><br \/>\n<\/strong><\/p>\n<ul>\n<li><span lang=\"es\">Estaban invitados a hablar por el Consejo de Investigaci\u00f3n de Noruega como defensor de la creaci\u00f3n de capacidades para mejorar el acceso de las mujeres a los servicios de salud sexual y reproductiva.<\/span><\/li>\n<li><span lang=\"es\">Se convirti\u00f3 en el Campe\u00f3n de Mejores Pr\u00e1cticas de RCOG y adapt\u00f3 los Documentos de Mejores Pr\u00e1cticas en la Atenci\u00f3n Integral Post Aborto.<\/span><\/li>\n<li><span lang=\"es\">Reconocidos como l\u00edderes claves del movimiento de salud reproductiva dentro de Kenia y a nivel internacional.<\/span>\n<ul>\n<li><span lang=\"es\">El Dr. Joseph Karanja inst\u00f3 al Tribunal Superior de Kenia a <a href=\"https:\/\/www.the-star.co.ke\/news\/2018\/05\/23\/safe-abortion-issue-takes-centre-stage-in-high-court_c1762186\">restablecer las gu\u00edas para que los m\u00e9dicos proporcionen abortos seguros &#8211;\u00a0<\/a>seg\u00fan lo permita la ley. Las gu\u00edas ayudar\u00e1n a salvar vidas de mujeres que corren el riesgo de abortos clandestinos. En 2013, el Ministerio de Salud prohibi\u00f3 el uso de una medicaci\u00f3n abortiva m\u00e9dica y prohibi\u00f3 a los trabajadores de la salud a participar en cualquier capacitaci\u00f3n sobre aborto seguro. <\/span><\/li>\n<li><span lang=\"es\">El Dr. John Nyamu <a href=\"https:\/\/www.youtube.com\/watch?v=WLpXVYKe5aM\">present\u00f3 su trabajo para ampliar los servicios de aborto seguro<\/a> en Kenia en la International Women&#8217;s Health Coalition. <\/span><\/li>\n<li><span lang=\"es\">La Dra. Anne Beatrice Kihara <a href=\"https:\/\/www.youtube.com\/watch?v=gk7X82nhbwE\">present\u00f3 c\u00f3mo crear capacidad para mejorar los servicios de salud reproductiva<\/a> en El Consejo de Investigaci\u00f3n de Noruega. <\/span><\/li>\n<li><span lang=\"es\">El Dr. Joseph Karanja c<a href=\"https:\/\/www.youtube.com\/watch?v=FHHUd8Uydes\">omparti\u00f3 su experiencia con el aborto inseguro en Kenia<\/a>. <\/span><\/li>\n<li><span lang=\"es\">Los Drs. Joseph Karanja y Anne Beatrice Kihara <a href=\"https:\/\/www.youtube.com\/watch?v=8Fu7gcO8JgE\">hablaron sobre la salud materna y los riesgos en Keni<\/a>a.<\/span><\/li>\n<\/ul>\n<\/li>\n<\/ul>\n<\/li>\n<\/ul>\n<div id=\"attachment_15253\" style=\"width: 273px\" class=\"wp-caption alignnone\"><img loading=\"lazy\" decoding=\"async\" aria-describedby=\"caption-attachment-15253\" class=\"wp-image-15253 size-full\" src=\"https:\/\/globaldoctorsforchoice.org\/wp-content\/uploads\/Drs.-Karanja-Nyamu.jpg\" alt=\"\" width=\"263\" height=\"198\" \/><p id=\"caption-attachment-15253\" class=\"wp-caption-text\">Doctors for Choice Kenya los Drs. Nyamu and Karanja lideran el movimiento a liberar el aborto y aumentar el acceso dentro de Kenia.<\/p><\/div>\n<div id=\"attachment_15256\" style=\"width: 276px\" class=\"wp-caption alignnone\"><img loading=\"lazy\" decoding=\"async\" aria-describedby=\"caption-attachment-15256\" class=\"wp-image-15256 size-full\" src=\"https:\/\/globaldoctorsforchoice.org\/wp-content\/uploads\/Dr.-Nyamu.jpg\" alt=\"\" width=\"266\" height=\"197\" \/><p id=\"caption-attachment-15256\" class=\"wp-caption-text\">Doctors for Choice Kenya capacita a proveedores de servicios de salud sobre la legalidad del aborto y la atenci\u00f3n posterior al aborto.<\/p><\/div>\n<div id=\"attachment_15254\" style=\"width: 273px\" class=\"wp-caption alignnone\"><img loading=\"lazy\" decoding=\"async\" aria-describedby=\"caption-attachment-15254\" class=\"wp-image-15254 size-full\" src=\"https:\/\/globaldoctorsforchoice.org\/wp-content\/uploads\/Dr.-Kihara.jpg\" alt=\"\" width=\"263\" height=\"180\" \/><p id=\"caption-attachment-15254\" class=\"wp-caption-text\">El equipo de Doctors for Choice Kenya comparte su pericia al nivel mundial,\u00a0incluyendo c\u00f3mo desarrollar la capacidad para mejorar los servicios en El Consejo de Investigaci\u00f3n de Noruega.<\/p><\/div>\n<div id=\"attachment_15255\" style=\"width: 260px\" class=\"wp-caption alignnone\"><img loading=\"lazy\" decoding=\"async\" aria-describedby=\"caption-attachment-15255\" class=\"wp-image-15255 size-full\" src=\"https:\/\/globaldoctorsforchoice.org\/wp-content\/uploads\/Dr.-Karanja.jpg\" alt=\"\" width=\"250\" height=\"181\" \/><p id=\"caption-attachment-15255\" class=\"wp-caption-text\">Doctors for Choice Kenya insta a la liberalizaci\u00f3n del aborto a fin de proporcionar servicios integrales de salud reproductiva y respetar la autonom\u00eda corporal y el bienestar.<\/p><\/div>\n<p>&nbsp;<\/p>\n<h3>Doctors for Choice Kenya: Liderazgo<\/h3>\n<p>Dr. Joseph Karanja\u00a0serve como Presidente, la Dra. Anne Kihara sirve como Secretaria, y el Dr. John Nyamu serve como Tesorero y Coordinador de este grupo de abogac\u00eda m\u00e9dica.<\/p>\n<p>El equipo de Kenya Doctors for Choice consiste en un grupo de defensores bien colocados para avanzar el acceso a la salud reproductiva.<\/p>\n<p>&nbsp;<\/p>\n<h3>Doctors for Choice Kenya: Perfiles de los Doctores Principales<\/h3>\n<h4><span lang=\"es\"><img loading=\"lazy\" decoding=\"async\" class=\" wp-image-15002 alignleft\" src=\"https:\/\/globaldoctorsforchoice.org\/wp-content\/uploads\/Dr.-Nyamu-bio.jpg\" alt=\"\" width=\"217\" height=\"243\" \/>Dr. John Nyamu<\/span><\/h4>\n<p><span lang=\"es\">Un consultor ginec\u00f3logo con m\u00e1s de 20 a\u00f1os de especializaci\u00f3n en salud reproductiva, el Dr. Nyamu opera una pr\u00e1ctica privada en Nairobi. Como Presidente Nacional de la\u00a0<a href=\"https:\/\/rhnk.org\/\">Reproductive Health Network<\/a>, una red de m\u00e1s de 400 profesionales privados, Dr. Nyamu ofrece tutor\u00eda y supervisi\u00f3n de apoyo orientada a la anticoncepci\u00f3n quir\u00fargica y la atenci\u00f3n integral del aborto. Ha capacitado a m\u00e1s de 400 m\u00e9dicos privados en Kenia en la inserci\u00f3n y extracci\u00f3n de implantes anticonceptivos, incluidos los m\u00e9dicos de Reproductive Health Network y <a href=\"https:\/\/rhnk.org\/\">Family Health Options Kenya<\/a>. Tambi\u00e9n ha trabajado con Catholics for Choice para entrenar a los m\u00e9dicos en los valores de la comunicaci\u00f3n y el aborto. <\/span><\/p>\n<p><span lang=\"es\">Adem\u00e1s de entrenar a los doctores, el Dr. Nyamu ha sido el defensor principal en la formulaci\u00f3n de documentos de pol\u00edticas del Ministerio de Salud sobre prevenci\u00f3n y manejo del aborto inseguro, fue instrumental en el registro del primer combipack para uso en aborto m\u00e9dico (<a href=\"https:\/\/www.medicines.org.uk\/emc\/product\/3380\/smpc\">Medabon<\/a>) y ha promovido el uso de misoprostol y medicamentos para el aborto en la comunidad, especialmente el uso por parte de mujeres j\u00f3venes en colegios y universidades.<\/span><\/p>\n<p>&nbsp;<\/p>\n<p>&nbsp;<\/p>\n<h4><img loading=\"lazy\" decoding=\"async\" class=\" wp-image-14996 alignleft\" src=\"https:\/\/globaldoctorsforchoice.org\/wp-content\/uploads\/Dr.-Nyamu-2.jpg\" alt=\"\" width=\"220\" height=\"287\" \/><\/h4>\n<h4>Dra. Anne Beatric Kihara<\/h4>\n<p><span lang=\"es\">Desde 1999, la Dra. Kihara ha servido como una consultor de obstetra y ginec\u00f3logo en hospitales p\u00fablicos y privados en Kenia. Ella sirve tanto como Profesora Titular en la <a href=\"https:\/\/profiles.uonbi.ac.ke\/filter_by\/college-health-sciences\/department-obstetrics-gynaecology\">Universidad de Nairobi en el Departamento de Obstetricia y Ginecolog\u00eda<\/a>, y proporciona liderazgo en el programa de mentor\u00eda de estudiantes de pregrado y posgrado en la facultad de medicina. Despu\u00e9s de seis a\u00f1os en el liderazgo, la Dra. Kihara es ahora la Presidenta Em\u00e9rita de la <a href=\"http:\/\/kogs.or.ke\/\">Sociedad de Obstetricia y Ginecolog\u00eda de Kenia<\/a> (KOGS) y es la Pr\u00f3xima Presidenta de la <a href=\"http:\/\/www.afog-org.com\/\">Federaci\u00f3n de obstetras y Ginec\u00f3logos de \u00c1rabe y \u00c1frica<\/a> (AFOG).\u00a0<\/span><\/p>\n<p><span lang=\"es\">Ella persigue constantemente para proporcionar liderazgo en la salud de la mujer a trav\u00e9s de la abogacia, la pol\u00edtica y la prestaci\u00f3n de servicios de calidad. Ella tiene varias publicaciones cient\u00edficas y ha sido oradora principal en muchas ocasiones tanto dentro de Kenia como a nivel internacional.<\/span><\/p>\n<p>&nbsp;<\/p>\n<p>&nbsp;<\/p>\n<p>&nbsp;<\/p>\n<h4><img loading=\"lazy\" decoding=\"async\" class=\" wp-image-14995 alignleft\" src=\"https:\/\/globaldoctorsforchoice.org\/wp-content\/uploads\/Dr.-Karanja-Nyamu-2.jpg\" alt=\"\" width=\"238\" height=\"246\" \/><\/h4>\n<h4>Profesor Joseph Gatheru Karanja, MD<\/h4>\n<p><span lang=\"es\">Un profesor de Obstetricia y Ginecolog\u00eda en la <a href=\"http:\/\/med-school.uonbi.ac.ke\/uon_degrees_details\/125\">Universidad de Kenia<\/a>, el Dr. Karanja ense\u00f1a y proporciona supervisi\u00f3n, tutor\u00eda y orientaci\u00f3n a estudiantes pregrados de medicina y residentes de medicina. Tambi\u00e9n sirve como entrenador principal en la atenci\u00f3n integral del aborto en la Universidad de Kenia y para la educaci\u00f3n continua para proveedores de servicios, y es Maestro Capacitador a trav\u00e9s del programa JHPIEGO. Su compromiso de abogar por la salud y los derechos sexuales y reproductivos ha sido evidente a lo largo de su carrera y se dedica a inspirar a sus estudiantes y aprendices tambi\u00e9n comprometerse a este movimento. El Dr. Karanja ha publicado ampliamente en revistas respetadas.<\/span><\/p>\n<p>&nbsp;<\/p>\n<p>&nbsp;<\/p>\n<p>&nbsp;<\/p>\n<p>&nbsp;<\/p>\n<p>&nbsp;<\/p>\n<img loading=\"lazy\" decoding=\"async\" class=\"size-full wp-image-14996 alignleft\" src=\"https:\/\/globaldoctorsforchoice.org\/wp-content\/uploads\/Dr.-Nyamu-2.jpg\" alt=\"\" width=\"184\" height=\"239\" \/>\n<p>&nbsp;<\/p>\n<p>&nbsp;<\/p>\n<p>&nbsp;<\/p>\n<p>&nbsp;<\/p>\n<p>&nbsp;<\/p>\n","protected":false},"excerpt":{"rendered":"<p>Kenia: La Salud Reproductiva y el Aborto Legalidad: El aborto est\u00e1 permitido cuando est\u00e1 proporcionado por un profesional de la salud capacitado si la mujer o ni\u00f1a embarazada necesita tratamiento de emergencia, su salud mental o f\u00edsica o su vida est\u00e1 en peligro, en el caso de una violaci\u00f3n o si est\u00e1 indicada por alguna&#8230;  <a class=\"read-more\" href=\"https:\/\/globaldoctorsforchoice.org\/es\/kenia\/\" title=\"Read Kenia\">Keep Reading &raquo;<\/a><\/p>\n","protected":false},"author":2153,"featured_media":0,"parent":0,"menu_order":3,"comment_status":"closed","ping_status":"closed","template":"","meta":{"_acf_changed":false,"_bbp_topic_count":0,"_bbp_reply_count":0,"_bbp_total_topic_count":0,"_bbp_total_reply_count":0,"_bbp_voice_count":0,"_bbp_anonymous_reply_count":0,"_bbp_topic_count_hidden":0,"_bbp_reply_count_hidden":0,"_bbp_forum_subforum_count":0,"footnotes":""},"class_list":["post-15038","page","type-page","status-publish","hentry"],"acf":[],"_links":{"self":[{"href":"https:\/\/globaldoctorsforchoice.org\/es\/wp-json\/wp\/v2\/pages\/15038","targetHints":{"allow":["GET"]}}],"collection":[{"href":"https:\/\/globaldoctorsforchoice.org\/es\/wp-json\/wp\/v2\/pages"}],"about":[{"href":"https:\/\/globaldoctorsforchoice.org\/es\/wp-json\/wp\/v2\/types\/page"}],"author":[{"embeddable":true,"href":"https:\/\/globaldoctorsforchoice.org\/es\/wp-json\/wp\/v2\/users\/2153"}],"replies":[{"embeddable":true,"href":"https:\/\/globaldoctorsforchoice.org\/es\/wp-json\/wp\/v2\/comments?post=15038"}],"version-history":[{"count":0,"href":"https:\/\/globaldoctorsforchoice.org\/es\/wp-json\/wp\/v2\/pages\/15038\/revisions"}],"wp:attachment":[{"href":"https:\/\/globaldoctorsforchoice.org\/es\/wp-json\/wp\/v2\/media?parent=15038"}],"curies":[{"name":"wp","href":"https:\/\/api.w.org\/{rel}","templated":true}]}}