{"id":14713,"date":"2018-05-02T16:54:01","date_gmt":"2018-05-02T20:54:01","guid":{"rendered":"https:\/\/globaldoctorsforchoice.org\/?page_id=14713"},"modified":"2018-08-20T16:57:43","modified_gmt":"2018-08-20T20:57:43","slug":"centro-de-recursos-categorizacion-de-temas-tipos-de-recursos","status":"publish","type":"page","link":"https:\/\/globaldoctorsforchoice.org\/es\/centro-de-recursos-categorizacion-de-temas-tipos-de-recursos\/","title":{"rendered":"Centro de Recursos: Categorizaci\u00f3n de Temas &#038; Tipos de Recursos"},"content":{"rendered":"<p>Abajo, es una gu\u00eda que identifica c\u00f3mo los recursos incluidos en el Centro de Recursos est\u00e1n clasificados por Tema y Tipo.<\/p>\n<h4>TEMAS<\/h4>\n<p><strong>Abogac\u00eda &#8211; Estudios de Caso<\/strong><br \/>\nEstudios de caso y ejemplos de abogac\u00eda por los proveedores de servicios de salud en las \u00e1reas de aborto, anticoncepci\u00f3n, y otros temas de SDSR en contextos cl\u00ednicos, comunidades y \/ o contextos pol\u00edticos m\u00e1s amplios.<\/p>\n<p><strong>Abogac\u00eda &#8211; Herramientas<\/strong><br \/>\nRecursos que apoyan a los proveedores de servicios de salud para liderar y llevar a cabo esfuerzos y actividades de promoci\u00f3n en su entorno cl\u00ednico, comunidad y\/o contexto pol\u00edtico m\u00e1s amplio.<\/p>\n<p><strong>Asociaciones y Colaboraciones<\/strong><br \/>\nRecursos que analizan c\u00f3mo formar, construir, sostener y trabajar con asociaciones, grupos, coaliciones y\/o partes interesadas para la promoci\u00f3n.<\/p>\n<p><strong>Causal de Salud<\/strong><br \/>\nRecursos que expl\u00edcitamente discuten el significado de la excepci\u00f3n de salud en la pol\u00edtica de aborto, uso de la excepci\u00f3n de salud en abogac\u00eda, litigio y pr\u00e1ctica m\u00e9dica, y las implicaciones de usar la excepci\u00f3n de salud para ampliar el acceso a un aborto legal seguro.<\/p>\n<p><strong>Comunicado sobre SDSR<\/strong><br \/>\nRecursos que analizan el desarrollo y\/o uso de estrategias y herramientas de promoci\u00f3n relacionadas con los medios y las comunicaciones, tales como: publicaciones, televisi\u00f3n, radio, educadores entre pares, blogs, videos, hojas informativas, mensajes, entrevistas, redes sociales, etc.\u00a0en relaci\u00f3n con la salud y los derechos sexuales y reproductivos.<\/p>\n<p><strong>Estimga del Aborto: Informaci\u00f3n &amp; Mitigaci\u00f3n<\/strong><br \/>\nRecursos que brindan informaci\u00f3n sobre el estigma del aborto en comunidades y entornos de atenci\u00f3n m\u00e9dica, y recursos para ayudar a responder al estigma del aborto por media de intervenciones basadas en la comunidad o centros de salud, materiales de aclaraci\u00f3n de valores, capacitaci\u00f3n de profesionales de la salud, narraci\u00f3n e investigaci\u00f3n y medici\u00f3n.<\/p>\n<p><strong>Mapeo Pol\u00edtico<\/strong><br \/>\nRecursos que analizan c\u00f3mo los defensores pueden analizar y comprender su contexto pol\u00edtico, social y legal antes de someterse a una campa\u00f1a de defensa, c\u00f3mo dise\u00f1ar una estrategia de defensa y c\u00f3mo utilizar los marcos de defensa en el dise\u00f1o de dicha estrategia<\/p>\n<p><strong>Objeci\u00f3n de Conciencia<\/strong><br \/>\nRecursos que analizan el significado de la objeci\u00f3n de conciencia en la atenci\u00f3n m\u00e9dica sexual y reproductiva, sus implicaciones e impactos, su implementaci\u00f3n en la pr\u00e1ctica, las formas en que los proveedores y sistemas de atenci\u00f3n m\u00e9dica pueden abordarla o contrarrestarla, y sus implicaciones \u00e9ticas.<\/p>\n<p><strong>Organizaciones de Salud Reproductiva de Confianza<\/strong><br \/>\nOrganizaciones y sitios web en los que conf\u00eda GDC que ofrecen recursos, informaci\u00f3n y conexiones a proveedores interesados en aprender m\u00e1s sobre promoci\u00f3n, investigaci\u00f3n, programas, servicios y salud sexual y reproductiva integral en los EE.UU. y en todo el mundo.<\/p>\n<p><strong>Educaci\u00f3n sobre SSR<\/strong><br \/>\nArt\u00edculos y art\u00edculos revisados por pares publicados en revistas acreditadas, libros blancos, informes, hojas de datos, evaluaciones, estudios de investigaci\u00f3n y debates de organizaciones de confianza y\/o investigadores que utilizan m\u00e9todos cuantitativos y\/o cualitativos para recopilar datos,\u00a0protocolos cl\u00ednicos nacionales, y educaci\u00f3n cl\u00ednica de SSR.<\/p>\n<p><strong>Violencia Obst\u00e9trica<\/strong><br \/>\nRecursos que analizan el significado de la violencia obst\u00e9trica y cualquier tipo de da\u00f1o que ocurra a las mujeres en el parto, atenci\u00f3n prenatal, atenci\u00f3n del aborto y \/ o atenci\u00f3n posterior al aborto, c\u00f3mo los proveedores de servicios m\u00e9dicos y las instituciones pueden abordar la violencia obst\u00e9trica y los marcos legales que existen para proteger los derechos de las mujeres a buscar atenci\u00f3n m\u00e9dica con dignidad y sin violencia.<\/p>\n<h4><\/h4>\n<h4>TIPOS<\/h4>\n<p><strong>Capacitaciones<\/strong><br \/>\nUn recurso que ense\u00f1a, educa, instruye o fortalece la capacidad de individuos y organizaciones para llevar a cabo actividades de promoci\u00f3n. Incluye juegos de herramientas, manuales, curr\u00edculos y seminarios web.<\/p>\n<p><strong>Publicaciones<\/strong><br \/>\nIncluye art\u00edculos revisados por pares, libros blancos, informes, hojas informativas, res\u00famenes de pol\u00edticas, publicaciones, debates, manuscritos y res\u00famenes de organizaciones de confianza, publicaciones peri\u00f3dicas, revistas y \/ o investigadores.<\/p>\n<p><strong>Recursos de GDC<\/strong><br \/>\nCualquier recurso que haya sido expl\u00edcitamente escrito, desarrollado o publicado por Global Doctors for Choice, incluidos los miembros de los Centros de Acci\u00f3n Global de GDC.<\/p>\n<p><strong>Sitios Web<\/strong><br \/>\nUn enlace o p\u00e1gina en Internet<\/p>\n<p>&nbsp;<\/p>\n<p>Haga clic <a href=\"https:\/\/globaldoctorsforchoice.org\/es\/recursos\/centro-de-recursos\/\">aqu\u00ed<\/a> para regresar al Centro de Recursos.<\/p>\n","protected":false},"excerpt":{"rendered":"<p>Abajo, es una gu\u00eda que identifica c\u00f3mo los recursos incluidos en el Centro de Recursos est\u00e1n clasificados por Tema y Tipo. TEMAS Abogac\u00eda &#8211; Estudios de Caso Estudios de caso y ejemplos de abogac\u00eda por los proveedores de servicios de salud en las \u00e1reas de aborto, anticoncepci\u00f3n, y otros temas de SDSR en contextos cl\u00ednicos,&#8230;  <a class=\"read-more\" href=\"https:\/\/globaldoctorsforchoice.org\/es\/centro-de-recursos-categorizacion-de-temas-tipos-de-recursos\/\" title=\"Read Centro de Recursos: Categorizaci\u00f3n de Temas &#038; Tipos de Recursos\">Keep Reading &raquo;<\/a><\/p>\n","protected":false},"author":2153,"featured_media":0,"parent":0,"menu_order":0,"comment_status":"closed","ping_status":"closed","template":"","meta":{"_acf_changed":false,"_bbp_topic_count":0,"_bbp_reply_count":0,"_bbp_total_topic_count":0,"_bbp_total_reply_count":0,"_bbp_voice_count":0,"_bbp_anonymous_reply_count":0,"_bbp_topic_count_hidden":0,"_bbp_reply_count_hidden":0,"_bbp_forum_subforum_count":0,"footnotes":""},"class_list":["post-14713","page","type-page","status-publish","hentry"],"acf":[],"_links":{"self":[{"href":"https:\/\/globaldoctorsforchoice.org\/es\/wp-json\/wp\/v2\/pages\/14713","targetHints":{"allow":["GET"]}}],"collection":[{"href":"https:\/\/globaldoctorsforchoice.org\/es\/wp-json\/wp\/v2\/pages"}],"about":[{"href":"https:\/\/globaldoctorsforchoice.org\/es\/wp-json\/wp\/v2\/types\/page"}],"author":[{"embeddable":true,"href":"https:\/\/globaldoctorsforchoice.org\/es\/wp-json\/wp\/v2\/users\/2153"}],"replies":[{"embeddable":true,"href":"https:\/\/globaldoctorsforchoice.org\/es\/wp-json\/wp\/v2\/comments?post=14713"}],"version-history":[{"count":0,"href":"https:\/\/globaldoctorsforchoice.org\/es\/wp-json\/wp\/v2\/pages\/14713\/revisions"}],"wp:attachment":[{"href":"https:\/\/globaldoctorsforchoice.org\/es\/wp-json\/wp\/v2\/media?parent=14713"}],"curies":[{"name":"wp","href":"https:\/\/api.w.org\/{rel}","templated":true}]}}