{"id":14521,"date":"2018-04-18T17:33:53","date_gmt":"2018-04-18T21:33:53","guid":{"rendered":"https:\/\/globaldoctorsforchoice.org\/?page_id=14521"},"modified":"2020-04-22T13:46:32","modified_gmt":"2020-04-22T17:46:32","slug":"nuestra-acta-constitutiva-y-los-principios","status":"publish","type":"page","link":"https:\/\/globaldoctorsforchoice.org\/es\/quienes-somos-2\/nuestra-acta-constitutiva-y-los-principios\/","title":{"rendered":"Nuestra Acta Constitutiva y Los Principios"},"content":{"rendered":"<p>El trabajo de GDC est\u00e1 basado en los derechos, alineado con el marco internacional de derechos humanos, y enfoca en la salud sexual y reproductiva, mientras respetando la dignidad y la autonom\u00eda de las decisiones de salud de todas las personas. Todos nuestros miembros suscriben los siguientes art\u00edculos de la Acta Constitutiva:<\/p>\n<ol>\n<li>GDC es una red global de m\u00e9dicos miembros cuya meta es mejorar los resultados de salud reproductiva y mejorar la autonom\u00eda de las mujeres para controlar sus vidas reproductivas.<\/li>\n<li>GDC\u00a0se compromete a promover el intercambio, el apoyo y la colaboraci\u00f3n entre m\u00e9dicos de todo el mundo, para que puedan trabajar activamente para garantizar que todas las personas tengan acceso a una atenci\u00f3n de la salud reproductiva integral con respeto a la autonom\u00eda ya la informaci\u00f3n y libertad de elecci\u00f3n para tomar sus propias decisiones de salud reproductiva.<\/li>\n<li>Los miembros se utilizar\u00e1n en su experiencia en diversas disciplinas m\u00e9dicas para aprovechar su credibilidad m\u00e9dica y sus conocimientos cient\u00edficos como proveedores de atenci\u00f3n m\u00e9dica dedicados a los mejores intereses m\u00e9dicos de mujeres y hombres de todo el mundo.<\/li>\n<li>Los miembros abogar\u00e1n activamente para que la atenci\u00f3n de la salud reproductiva integral, basada en la evidencia, incluyendo el aborto, sea accesible para las mujeres en todo el mundo.<\/li>\n<\/ol>\n<p>&nbsp;<\/p>\n<p><span lang=\"es\">Nuestros valores y principios constituyen la base de nuestras decisiones y acciones. GDC adopta los siguientes <strong>principios rectores<\/strong> para dirigir sus operaciones:<\/span><\/p>\n<img loading=\"lazy\" decoding=\"async\" class=\" wp-image-20331 aligncenter\" src=\"https:\/\/globaldoctorsforchoice.org\/wp-content\/uploads\/Copy-of-GDC-guiding-principles-ESP-232x300.png\" alt=\"\" width=\"526\" height=\"680\" srcset=\"https:\/\/globaldoctorsforchoice.org\/wp-content\/uploads\/Copy-of-GDC-guiding-principles-ESP-232x300.png 232w, https:\/\/globaldoctorsforchoice.org\/wp-content\/uploads\/Copy-of-GDC-guiding-principles-ESP-791x1024.png 791w, https:\/\/globaldoctorsforchoice.org\/wp-content\/uploads\/Copy-of-GDC-guiding-principles-ESP-768x994.png 768w, https:\/\/globaldoctorsforchoice.org\/wp-content\/uploads\/Copy-of-GDC-guiding-principles-ESP-1187x1536.png 1187w, https:\/\/globaldoctorsforchoice.org\/wp-content\/uploads\/Copy-of-GDC-guiding-principles-ESP.png 1545w\" sizes=\"auto, (max-width: 526px) 100vw, 526px\" \/>\n","protected":false},"excerpt":{"rendered":"<p>El trabajo de GDC est\u00e1 basado en los derechos, alineado con el marco internacional de derechos humanos, y enfoca en la salud sexual y reproductiva, mientras respetando la dignidad y la autonom\u00eda de las decisiones de salud de todas las personas. Todos nuestros miembros suscriben los siguientes art\u00edculos de la Acta Constitutiva: GDC es una&#8230;  <a class=\"read-more\" href=\"https:\/\/globaldoctorsforchoice.org\/es\/quienes-somos-2\/nuestra-acta-constitutiva-y-los-principios\/\" title=\"Read Nuestra Acta Constitutiva y Los Principios\">Keep Reading &raquo;<\/a><\/p>\n","protected":false},"author":2153,"featured_media":0,"parent":9290,"menu_order":1,"comment_status":"closed","ping_status":"closed","template":"","meta":{"_acf_changed":false,"_bbp_topic_count":0,"_bbp_reply_count":0,"_bbp_total_topic_count":0,"_bbp_total_reply_count":0,"_bbp_voice_count":0,"_bbp_anonymous_reply_count":0,"_bbp_topic_count_hidden":0,"_bbp_reply_count_hidden":0,"_bbp_forum_subforum_count":0,"footnotes":""},"class_list":["post-14521","page","type-page","status-publish","hentry"],"acf":[],"_links":{"self":[{"href":"https:\/\/globaldoctorsforchoice.org\/es\/wp-json\/wp\/v2\/pages\/14521","targetHints":{"allow":["GET"]}}],"collection":[{"href":"https:\/\/globaldoctorsforchoice.org\/es\/wp-json\/wp\/v2\/pages"}],"about":[{"href":"https:\/\/globaldoctorsforchoice.org\/es\/wp-json\/wp\/v2\/types\/page"}],"author":[{"embeddable":true,"href":"https:\/\/globaldoctorsforchoice.org\/es\/wp-json\/wp\/v2\/users\/2153"}],"replies":[{"embeddable":true,"href":"https:\/\/globaldoctorsforchoice.org\/es\/wp-json\/wp\/v2\/comments?post=14521"}],"version-history":[{"count":0,"href":"https:\/\/globaldoctorsforchoice.org\/es\/wp-json\/wp\/v2\/pages\/14521\/revisions"}],"up":[{"embeddable":true,"href":"https:\/\/globaldoctorsforchoice.org\/es\/wp-json\/wp\/v2\/pages\/9290"}],"wp:attachment":[{"href":"https:\/\/globaldoctorsforchoice.org\/es\/wp-json\/wp\/v2\/media?parent=14521"}],"curies":[{"name":"wp","href":"https:\/\/api.w.org\/{rel}","templated":true}]}}