{"id":12233,"date":"2017-06-30T05:13:39","date_gmt":"2017-06-30T09:13:39","guid":{"rendered":"https:\/\/globaldoctorsforchoice.org\/?page_id=12233\/"},"modified":"2018-08-16T12:04:47","modified_gmt":"2018-08-16T16:04:47","slug":"centro-de-recursos","status":"publish","type":"page","link":"https:\/\/globaldoctorsforchoice.org\/es\/recursos\/centro-de-recursos\/","title":{"rendered":"Centro de Recursos"},"content":{"rendered":"<p><span lang=\"es\">Para apoyar defensores de la salud reproductiva en todo el mundo, Global Doctors for Choice (GDC) ha recopilado recursos relacionados con advocacia\u00a0<\/span><span lang=\"es\">con el objetivo de influir en las pol\u00edticas, guias y leyes para mejorar el acceso a la atenci\u00f3n.<\/span><\/p>\n<p><span lang=\"es\">Por favor tenga en cuenta que esta lista no es exhaustiva y y no necesariamente refleja la posici\u00f3n de GDC. Seguiremos recogiendo y agregando recursos, e les invitamos a usted a contactarnos para sugerir recursos.<\/span><\/p>\n<p>Para ver c\u00f3mo definimos los Temas y Tipos de Recursos, por favor haga clic <a href=\"https:\/\/globaldoctorsforchoice.org\/es\/centro-de-recursos-categorizacion-de-temas-tipos-de-recursos\">aqu\u00ed<\/a>.<\/p>\n<p><span lang=\"es\">Le sugerimos que inicie su b\u00fasqueda por Tema y, luego, si es necesario, refinar por Tipo de Recurso.\u00a0\u00a0Adem\u00e1s, puede usar la Barra de B\u00fasqueda para refinar sus resultados de b\u00fasqueda.<\/span><\/p>\n","protected":false},"excerpt":{"rendered":"<p>Para apoyar defensores de la salud reproductiva en todo el mundo, Global Doctors for Choice (GDC) ha recopilado recursos relacionados con advocacia\u00a0con el objetivo de influir en las pol\u00edticas, guias y leyes para mejorar el acceso a la atenci\u00f3n. Por favor tenga en cuenta que esta lista no es exhaustiva y y no necesariamente refleja&#8230;  <a class=\"read-more\" href=\"https:\/\/globaldoctorsforchoice.org\/es\/recursos\/centro-de-recursos\/\" title=\"Read Centro de Recursos\">Keep Reading &raquo;<\/a><\/p>\n","protected":false},"author":2153,"featured_media":0,"parent":9157,"menu_order":0,"comment_status":"closed","ping_status":"closed","template":"page-knowledge-hub.php","meta":{"_acf_changed":false,"_bbp_topic_count":0,"_bbp_reply_count":0,"_bbp_total_topic_count":0,"_bbp_total_reply_count":0,"_bbp_voice_count":0,"_bbp_anonymous_reply_count":0,"_bbp_topic_count_hidden":0,"_bbp_reply_count_hidden":0,"_bbp_forum_subforum_count":0,"footnotes":""},"class_list":["post-12233","page","type-page","status-publish","hentry"],"acf":[],"_links":{"self":[{"href":"https:\/\/globaldoctorsforchoice.org\/es\/wp-json\/wp\/v2\/pages\/12233","targetHints":{"allow":["GET"]}}],"collection":[{"href":"https:\/\/globaldoctorsforchoice.org\/es\/wp-json\/wp\/v2\/pages"}],"about":[{"href":"https:\/\/globaldoctorsforchoice.org\/es\/wp-json\/wp\/v2\/types\/page"}],"author":[{"embeddable":true,"href":"https:\/\/globaldoctorsforchoice.org\/es\/wp-json\/wp\/v2\/users\/2153"}],"replies":[{"embeddable":true,"href":"https:\/\/globaldoctorsforchoice.org\/es\/wp-json\/wp\/v2\/comments?post=12233"}],"version-history":[{"count":0,"href":"https:\/\/globaldoctorsforchoice.org\/es\/wp-json\/wp\/v2\/pages\/12233\/revisions"}],"up":[{"embeddable":true,"href":"https:\/\/globaldoctorsforchoice.org\/es\/wp-json\/wp\/v2\/pages\/9157"}],"wp:attachment":[{"href":"https:\/\/globaldoctorsforchoice.org\/es\/wp-json\/wp\/v2\/media?parent=12233"}],"curies":[{"name":"wp","href":"https:\/\/api.w.org\/{rel}","templated":true}]}}