{"id":12209,"date":"2017-07-28T12:20:32","date_gmt":"2017-07-28T16:20:32","guid":{"rendered":"https:\/\/globaldoctorsforchoice.org\/?page_id=12209\/"},"modified":"2018-08-27T18:26:17","modified_gmt":"2018-08-27T22:26:17","slug":"terminos-de-uso","status":"publish","type":"page","link":"https:\/\/globaldoctorsforchoice.org\/es\/terminos-de-uso\/","title":{"rendered":"T\u00e9rminos de Uso"},"content":{"rendered":"<p><span lang=\"es\">Nos complace darle la bienvenida al Foro de la Comunidad de Global Doctors for Choice (GDC). Gracias por todo lo que hacen por su salud reproductiva y por sumarse a esta red global. <\/span><\/p>\n<p><span lang=\"es\">Hemos revisado individualmente las solicitudes de membres\u00eda, hemos creado como privado este Foro de la Comunidad disponible \u00fanicamente para los miembros de GDC y supervisaremos la actividad de este Foro para fomentar una plataforma segura donde podamos intercambiar recursos e ideas y conectar y colaborar con colegas de todo el mundo.<\/span><\/p>\n<p><span lang=\"es\">Al participar en este Foro de la Comunidad, le pedimos que siga estos T\u00e9rminos de Uso:\u00a0<\/span><\/p>\n<ul style=\"list-style-type: disc;\">\n<li><span lang=\"es\">Por favor comunique con respeto y una conciencia de que las experiencias y perspectivas sobre la salud sexual y reproductiva, incluida la educaci\u00f3n sexual, los anticonceptivos, los anticonceptivos de emergencia y el aborto, son matizadas y pueden ser influenciadas por las leyes nacionales, las pol\u00edticas de las instituciones de salud, las funciones y responsabilidades profesionales y las normas culturales. <\/span><\/li>\n<li><span lang=\"es\">Por favor evite usar el lenguaje que contribuye a reforzar el estigma de la salud reproductiva, enfrentado por las mujeres, los pacientes, las familias y los proveedores de atenci\u00f3n m\u00e9dica. <\/span><\/li>\n<li><span lang=\"es\">Por favor respete la confidencialidad de los miembros que pertenecen a este grupo. Si\u00e9ntase libre de compartir recursos, estrategias y su experiencia de esta comunidad, pero no comparta los nombres, ubicaciones, informaci\u00f3n de contacto, empleadores, etc. de ninguno de los miembros de GDC o de cualquier paciente referenciado en este Foro. <\/span><span lang=\"es\">Si en alg\u00fan momento usted cree que se ha sido violado la privacidad o la seguridad, por favor inf\u00f3rmenos inmediatamente. Su privacidad y seguridad son de suma importancia y tomaremos todas las medidas necesarias para proteger a ambos. <\/span><\/li>\n<li><span lang=\"es\"><span lang=\"es\">Por favor sepa que monitorearemos<\/span><\/span>\u00a0el contenido del Foro y le pediremos que le ayude por reportar cualquier contenido que considere inadecuado. Valoramos mucho su trabajo y este sentido de comunidad. Si consideramos que cualquier contenido ha violado los t\u00e9rminos de uso, tomaremos las medidas necesarias para remediarlo y evitar futuros incidentes.<\/li>\n<\/ul>\n<p>Por favor recuerde que esta es su comunidad. Usted y sus compa\u00f1eros crean las discusiones, comparten lecciones aprendidas y estrategias, se apoyan mutuamente y descubren oportunidades para colaborar y fortalecer nuestra voz colectiva. \u00a0Esperamos que esta comunidad sea una fuente de herramientas pr\u00e1cticas, colaboraci\u00f3n valiosa e inspiraci\u00f3n.<\/p>\n<p>&nbsp;<\/p>\n<p>&nbsp;<\/p>\n","protected":false},"excerpt":{"rendered":"<p>Nos complace darle la bienvenida al Foro de la Comunidad de Global Doctors for Choice (GDC). Gracias por todo lo que hacen por su salud reproductiva y por sumarse a esta red global. Hemos revisado individualmente las solicitudes de membres\u00eda, hemos creado como privado este Foro de la Comunidad disponible \u00fanicamente para los miembros de&#8230;  <a class=\"read-more\" href=\"https:\/\/globaldoctorsforchoice.org\/es\/terminos-de-uso\/\" title=\"Read T\u00e9rminos de Uso\">Keep Reading &raquo;<\/a><\/p>\n","protected":false},"author":2153,"featured_media":0,"parent":0,"menu_order":0,"comment_status":"closed","ping_status":"closed","template":"page-listservs.php","meta":{"_acf_changed":false,"_bbp_topic_count":0,"_bbp_reply_count":0,"_bbp_total_topic_count":0,"_bbp_total_reply_count":0,"_bbp_voice_count":0,"_bbp_anonymous_reply_count":0,"_bbp_topic_count_hidden":0,"_bbp_reply_count_hidden":0,"_bbp_forum_subforum_count":0,"footnotes":""},"class_list":["post-12209","page","type-page","status-publish","hentry"],"acf":[],"_links":{"self":[{"href":"https:\/\/globaldoctorsforchoice.org\/es\/wp-json\/wp\/v2\/pages\/12209","targetHints":{"allow":["GET"]}}],"collection":[{"href":"https:\/\/globaldoctorsforchoice.org\/es\/wp-json\/wp\/v2\/pages"}],"about":[{"href":"https:\/\/globaldoctorsforchoice.org\/es\/wp-json\/wp\/v2\/types\/page"}],"author":[{"embeddable":true,"href":"https:\/\/globaldoctorsforchoice.org\/es\/wp-json\/wp\/v2\/users\/2153"}],"replies":[{"embeddable":true,"href":"https:\/\/globaldoctorsforchoice.org\/es\/wp-json\/wp\/v2\/comments?post=12209"}],"version-history":[{"count":0,"href":"https:\/\/globaldoctorsforchoice.org\/es\/wp-json\/wp\/v2\/pages\/12209\/revisions"}],"wp:attachment":[{"href":"https:\/\/globaldoctorsforchoice.org\/es\/wp-json\/wp\/v2\/media?parent=12209"}],"curies":[{"name":"wp","href":"https:\/\/api.w.org\/{rel}","templated":true}]}}