{"id":10963,"date":"2016-05-18T11:23:34","date_gmt":"2016-05-18T15:23:34","guid":{"rendered":"https:\/\/globaldoctorsforchoice.org\/es\/?page_id=10963"},"modified":"2017-08-10T11:35:58","modified_gmt":"2017-08-10T15:35:58","slug":"membresia-de-gdc","status":"publish","type":"page","link":"https:\/\/globaldoctorsforchoice.org\/es\/membresia-de-gdc\/","title":{"rendered":"Membres\u00eda de GDC"},"content":{"rendered":"<p>Global Doctors for Choice (GDC, por su sigla en ingl\u00e9s) es una red internacional de m\u00e9dicos que hace incidencia en torno al acceso a la salud reproductiva integral y a los derechos en este campo y defiende la autonom\u00eda de las mujeres para controlar su vida reproductiva. GDC promueve la transferencia transnacional de mejores pr\u00e1cticas en incidencia en salud reproductiva.<\/p>\n<p>Se invita a los m\u00e9dicos de todo el mundo y de todas las disciplinas a solicitar su membres\u00eda. Al hacerse miembro\u00a0 de GDC, usted podr\u00e1 conectarse con otros m\u00e9dicos (as) que lo (a) apoyar\u00e1n para que se convierta en un defensor (a) eficaz de la salud y los derechos reproductivos. Juntos, le apuntamos a mejorar el acceso a la salud reproductiva para todos.<\/p>\n<p><b>H\u00e1gase miembro de GDC ahora y obtenga los siguientes beneficios:\u00a0<\/b><\/p>\n<ul>\n<li>Interactuar y (re)conectarse con otros miembros m\u00e9dicos de GDC en todo el mundo<\/li>\n<li>Aprender de otros colegas con ideas afines y compartir sus recursos, estrategias y pericia<\/li>\n<li>Acceder recursos solo para miembros: al foro de la comunidad, listservs y calendarios de conferencias<\/li>\n<li>Invertir en la pr\u00f3xima generaci\u00f3n de proveedores m\u00e9dicos a trav\u00e9s de coaching y apoyo<\/li>\n<li>Utilizar los materiales y recursos de GDC, incluyendo documentos de posici\u00f3n, en eventos, talleres, y conferencias<\/li>\n<li>Acceder a la capacitaci\u00f3n de abogac\u00eda de GDC y a la capacitaci\u00f3n en l\u00ednea de este mismo tema que se estar\u00e1 lanzando pr\u00f3ximamente<\/li>\n<li>Proponer temas de abogac\u00eda\u00a0y\/o investigaci\u00f3n a GDC<\/li>\n<li>Alerta al equipo de GDC acerca de la necesidad de respuestas pol\u00edticas urgentes o declaraciones p\u00fablicas en nombre de GDC<\/li>\n<li>Proporcionar sus comentarios y as\u00ed contribuir a los nuevos servicios de apoyo y recursos de GDC<\/li>\n<\/ul>\n<p>La membres\u00eda es gratis pero lo (a) invitamos a hacer una contribuci\u00f3n voluntaria de m\u00ednimo USD $50.00. Puede hacer esta contribuci\u00f3n cuando termine el proceso de solicitud de su membres\u00eda.<\/p>\n<p>Si requiere ayuda, por favor cont\u00e1ctenos en <a href=\"mailto:membership@globaldoctorsforchoice.org\">membership@globaldoctorsforchoice.org<\/a><\/p>\n<p><a class=\"join-now-btn\" href=\"https:\/\/globaldoctorsforchoice.org\/es\/membresia-de-gdc-formulario-de-solicitud\/\">\u00a1Haga parte de GDC!<\/a><\/p>\n","protected":false},"excerpt":{"rendered":"<p>Global Doctors for Choice (GDC, por su sigla en ingl\u00e9s) es una red internacional de m\u00e9dicos que hace incidencia en torno al acceso a la salud reproductiva integral y a los derechos en este campo y defiende la autonom\u00eda de las mujeres para controlar su vida reproductiva. GDC promueve la transferencia transnacional de mejores pr\u00e1cticas&#8230;  <a class=\"read-more\" href=\"https:\/\/globaldoctorsforchoice.org\/es\/membresia-de-gdc\/\" title=\"Read Membres\u00eda de GDC\">Keep Reading &raquo;<\/a><\/p>\n","protected":false},"author":2153,"featured_media":0,"parent":0,"menu_order":0,"comment_status":"closed","ping_status":"closed","template":"","meta":{"_acf_changed":false,"_bbp_topic_count":0,"_bbp_reply_count":0,"_bbp_total_topic_count":0,"_bbp_total_reply_count":0,"_bbp_voice_count":0,"_bbp_anonymous_reply_count":0,"_bbp_topic_count_hidden":0,"_bbp_reply_count_hidden":0,"_bbp_forum_subforum_count":0,"footnotes":""},"class_list":["post-10963","page","type-page","status-publish","hentry"],"acf":[],"_links":{"self":[{"href":"https:\/\/globaldoctorsforchoice.org\/es\/wp-json\/wp\/v2\/pages\/10963","targetHints":{"allow":["GET"]}}],"collection":[{"href":"https:\/\/globaldoctorsforchoice.org\/es\/wp-json\/wp\/v2\/pages"}],"about":[{"href":"https:\/\/globaldoctorsforchoice.org\/es\/wp-json\/wp\/v2\/types\/page"}],"author":[{"embeddable":true,"href":"https:\/\/globaldoctorsforchoice.org\/es\/wp-json\/wp\/v2\/users\/2153"}],"replies":[{"embeddable":true,"href":"https:\/\/globaldoctorsforchoice.org\/es\/wp-json\/wp\/v2\/comments?post=10963"}],"version-history":[{"count":0,"href":"https:\/\/globaldoctorsforchoice.org\/es\/wp-json\/wp\/v2\/pages\/10963\/revisions"}],"wp:attachment":[{"href":"https:\/\/globaldoctorsforchoice.org\/es\/wp-json\/wp\/v2\/media?parent=10963"}],"curies":[{"name":"wp","href":"https:\/\/api.w.org\/{rel}","templated":true}]}}